{"id":8635,"date":"2023-01-19T17:59:40","date_gmt":"2023-01-19T15:59:40","guid":{"rendered":"https:\/\/ekaunta.lt\/konsultacje-w-zakresie-ksiegowosci-i-podatkow\/"},"modified":"2025-08-10T09:16:06","modified_gmt":"2025-08-10T07:16:06","slug":"konsultacje-w-zakresie-ksiegowosci-i-podatkow","status":"publish","type":"page","link":"https:\/\/ekaunta.lt\/pl\/konsultacje-w-zakresie-ksiegowosci-i-podatkow\/","title":{"rendered":"Konsultacje w zakresie ksi\u0119gowo\u015bci i podatk\u00f3w:"},"content":{"rendered":"<div class=\"wpb-content-wrapper\"><p>[vc_row full_width=&#8221;stretch_row&#8221; video_bg=&#8221;yes&#8221; video_bg_url=&#8221;https:\/\/www.youtube.com\/watch?v=W7YKO3t30Rc&#8221; kd_image_overlay_color=&#8221;rgba(0,0,0,0.7)&#8221; kd_image_overlay=&#8221;true&#8221; css=&#8221;.vc_custom_1649093519899{padding-top: 260px !important;padding-bottom: 200px !important;background-image: url(https:\/\/ekaunta.ravendev.lt\/wp-content\/uploads\/2022\/04\/ekaunta-apiemus2.jpg?id=7493) !important;}&#8221;][vc_column css=&#8221;.vc_custom_1513003956648{padding-top: 0px !important;}&#8221;][vc_row_inner][vc_column_inner width=&#8221;1\/6&#8243; css=&#8221;.vc_custom_1513004658055{padding-top: 50px !important;padding-left: 0px !important;}&#8221;][\/vc_column_inner][vc_column_inner width=&#8221;2\/3&#8243; css=&#8221;.vc_custom_1513008591637{padding-right: 0px !important;padding-left: 0px !important;}&#8221;]<div class=\"kd-text-rotator kd-rotatorid-69e6a4e93c92b text-center  \"><div class=\"kd-text-rotator-container\"><h2 class=\"rotator-single kd-rotator-item-1 \" style=\" color: #ffffff; font-size: 60px;\">Ekaunta Tw\u00f3j partner finansowy<\/h2><h2 class=\"rotator-single kd-rotator-item-2 \" style=\" color: #ffffff; font-size: 60px;\">od dokument\u00f3w podstawowych do sprawozdania finansowego<\/h2><h2 class=\"rotator-single kd-rotator-item-3 \" style=\" color: #ffffff; font-size: 60px;\">Masz pytania?<\/h2><h2 class=\"rotator-single kd-rotator-item-4 last\" style=\"transition: all 0.5s 4.25s; color: #ffffff; font-size: 60px;\">Porozmawiajmy<\/h2><\/div><\/div>[\/vc_column_inner][vc_column_inner width=&#8221;1\/6&#8243;][\/vc_column_inner][\/vc_row_inner][\/vc_column][\/vc_row][vc_row full_width=&#8221;stretch_row&#8221; css=&#8221;.vc_custom_1539770041082{padding-top: 100px !important;}&#8221;][vc_column][vc_row_inner css=&#8221;.vc_custom_1541771997169{margin-bottom: 50px !important;}&#8221;][vc_column_inner][vc_empty_space height=&#8221;25px&#8221;]<header class=\"kd-section-title vc_col-lg-6 vc_col-sm-8 text-center  kd-animated fadeIn  \" data-animation-delay=200><h2 class=\"separator_off\" >Konsultacje w zakresie ksi\u0119gowo\u015bci i podatk\u00f3w:<\/h2><\/header>[\/vc_column_inner][\/vc_row_inner][vc_row_inner css=&#8221;.vc_custom_1541771985753{padding-bottom: 100px !important;}&#8221;][vc_column_inner width=&#8221;1\/3&#8243; css=&#8221;.vc_custom_1556019542510{padding-top: 60px !important;padding-right: 120px !important;padding-left: 0px !important;}&#8221;]<div class=\"key-icon-box icon-default icon-top cont-left ib-no-effect  kd-animated fadeInUp\" style=\"background-color: transparent;\" ><i class=\"\" style=\" \"><\/i> <h5 class=\"service-heading\" >Nadp\u0142ata podatku<\/h5><p >Jak mog\u0119 zmieni\u0107 w deklaracji konto bankowe, na kt\u00f3re chc\u0119 otrzyma\u0107 nadp\u0142at\u0119 podatku dochodowego?<\/p><\/div>[vc_empty_space height=&#8221;50px&#8221;]<div class=\"key-icon-box icon-default icon-top cont-left ib-no-effect  kd-animated fadeInUp\" style=\"background-color: transparent;\" ><i class=\"\" style=\" \"><\/i> <h5 class=\"service-heading\" >Zduplikowane dane?<\/h5><p >Co mam zrobi\u0107, je\u015bli w deklaracji s\u0105 zduplikowane dane dotycz\u0105ce dochod\u00f3w z dzia\u0142alno\u015bci indywidualnej, otrzymane od firm i i.APS?<\/p><\/div>[\/vc_column_inner][vc_column_inner width=&#8221;1\/3&#8243; css=&#8221;.vc_custom_1556019545382{padding-top: 60px !important;padding-right: 120px !important;padding-left: 0px !important;}&#8221;]<div class=\"key-icon-box icon-default icon-top cont-left ib-no-effect  kd-animated fadeInUp\" style=\"background-color: transparent;\" data-animation-delay=200><i class=\"\" style=\" \"><\/i> <h5 class=\"service-heading\" >1441?<\/h5><p >Co mam wpisa\u0107 w pole deklaracji &quot;Ile samodzielnie zap\u0142aci\u0142e\u015b podatku dochodowego przed z\u0142o\u017ceniem deklaracji z kodem p\u0142atno\u015bci 1441&quot;?<\/p><\/div>[vc_empty_space height=&#8221;50px&#8221;]<div class=\"key-icon-box icon-default icon-top cont-left ib-no-effect  kd-animated fadeInUp\" style=\"background-color: transparent;\" data-animation-delay=200><i class=\"\" style=\" \"><\/i> <h5 class=\"service-heading\" >Jak mam deklarowa\u0107?<\/h5><p >Jak mam deklarowa\u0107, je\u015bli cz\u0119\u015b\u0107 dochod\u00f3w z dzia\u0142alno\u015bci indywidualnej jest ju\u017c wskazana w deklaracji przygotowanej przez VMI?<\/p><\/div>[\/vc_column_inner][vc_column_inner width=&#8221;1\/3&#8243;]<div class=\"pricing-wrapper\">\n  \t\t\t\t<div class=\"pricing-table active MinimalStyle kd-animated zoomIn\" data-animation-delay=200>\n                    <div class=\"row pricing-title\">\n\t                   <h5 class=\"pricing-title-content\" >Cena konsultacji od<\/h5>\n  \t\t\t\t\t<\/div><div class=\"row pricing\"><div class=\"col-lg-3\">\n  \t\t\t\t\t\t\t<div class=\"row\"><span class=\"pricing-price default-plan sale-no\" >\n                        <span class=\"pt-normal-price\">\n                          40\/h+VAT<span class=\"currency\">&#128;<\/span>\n                        <\/span><\/span><div class=\"pricing-meta\">\n                         <span class=\"pricing-time default-plan\" ><\/span><\/div>\n                    <\/div>\n      \t\t\t\t\t\t<\/div><div class=\"pricing-options-container MinimalStyle\" ><div class=\"pricing-row\"><span class=\"pricing-value\"><span class=\"pricing-option pricing-opt-check-icon\"><i class=\"fas fa-check\"><\/i><span class=\"pricing-option-text default-plan\">Greita<\/span><span class=\"pricing-option-text secondary-plan\">Greita<\/span><\/span><\/span><\/div><div class=\"pricing-row\"><span class=\"pricing-value\"><span class=\"pricing-option pricing-opt-check-icon\"><i class=\"fas fa-check\"><\/i><span class=\"pricing-option-text default-plan\">Tikslu<\/span><span class=\"pricing-option-text secondary-plan\">Tikslu<\/span><\/span><\/span><\/div><div class=\"pricing-row\"><span class=\"pricing-value\"><span class=\"pricing-option pricing-opt-check-icon\"><i class=\"fas fa-check\"><\/i><span class=\"pricing-option-text default-plan\">Patogu<\/span><span class=\"pricing-option-text secondary-plan\">Patogu<\/span><\/span><\/span><\/div><\/div><a href=\"https:\/\/ekaunta.lt\/pages\/ekaunta-kontaktai\/\"  target=\"_self\" class=\"tt_button  tt_primary_button btn_primary_color\"><span class=\"prim_text\">Kontakt<\/span><\/a><\/div>\n\t         <\/div><\/div>[\/vc_column_inner][\/vc_row_inner][\/vc_column][\/vc_row][vc_row][vc_column][vc_column_text]\u015awiadczymy konsultacje w zakresie ksi\u0119gowo\u015bci i podatk\u00f3w ustnie (osobi\u015bcie, telefonicznie), pisemnie oraz zdalnie. Doradzamy w zakresie: podatku VAT, podatku dochodowego, podatku od nieruchomo\u015bci, podatku dochodowego od os\u00f3b fizycznych, podatku od grunt\u00f3w i innych podatk\u00f3w.[\/vc_column_text][vc_empty_space][\/vc_column][\/vc_row][vc_row][vc_column][\/vc_column][\/vc_row]<\/p>\n<\/div>","protected":false},"excerpt":{"rendered":"<p>[vc_row full_width=&#8221;stretch_row&#8221; video_bg=&#8221;yes&#8221; video_bg_url=&#8221;https:\/\/www.youtube.com\/watch?v=W7YKO3t30Rc&#8221; kd_image_overlay_color=&#8221;rgba(0,0,0,0.7)&#8221; kd_image_overlay=&#8221;true&#8221; css=&#8221;.vc_custom_1649093519899{padding-top: 260px !important;padding-bottom: 200px !important;background-image: url(https:\/\/ekaunta.ravendev.lt\/wp-content\/uploads\/2022\/04\/ekaunta-apiemus2.jpg?id=7493) !important;}&#8221;][vc_column css=&#8221;.vc_custom_1513003956648{padding-top: 0px [&hellip;]<\/p>\n","protected":false},"author":1,"featured_media":0,"parent":0,"menu_order":0,"comment_status":"closed","ping_status":"closed","template":"","meta":{"footnotes":""},"class_list":["post-8635","page","type-page","status-publish","hentry"],"_links":{"self":[{"href":"https:\/\/ekaunta.lt\/pl\/wp-json\/wp\/v2\/pages\/8635","targetHints":{"allow":["GET"]}}],"collection":[{"href":"https:\/\/ekaunta.lt\/pl\/wp-json\/wp\/v2\/pages"}],"about":[{"href":"https:\/\/ekaunta.lt\/pl\/wp-json\/wp\/v2\/types\/page"}],"author":[{"embeddable":true,"href":"https:\/\/ekaunta.lt\/pl\/wp-json\/wp\/v2\/users\/1"}],"replies":[{"embeddable":true,"href":"https:\/\/ekaunta.lt\/pl\/wp-json\/wp\/v2\/comments?post=8635"}],"version-history":[{"count":2,"href":"https:\/\/ekaunta.lt\/pl\/wp-json\/wp\/v2\/pages\/8635\/revisions"}],"predecessor-version":[{"id":8637,"href":"https:\/\/ekaunta.lt\/pl\/wp-json\/wp\/v2\/pages\/8635\/revisions\/8637"}],"wp:attachment":[{"href":"https:\/\/ekaunta.lt\/pl\/wp-json\/wp\/v2\/media?parent=8635"}],"curies":[{"name":"wp","href":"https:\/\/api.w.org\/{rel}","templated":true}]}}