{"id":8625,"date":"2023-01-19T18:04:16","date_gmt":"2023-01-19T16:04:16","guid":{"rendered":"https:\/\/ekaunta.lt\/uslugi-ksiegowe\/"},"modified":"2025-08-10T08:48:05","modified_gmt":"2025-08-10T06:48:05","slug":"uslugi-ksiegowe","status":"publish","type":"page","link":"https:\/\/ekaunta.lt\/pl\/uslugi-ksiegowe\/","title":{"rendered":"Us\u0142ugi ksi\u0119gowe"},"content":{"rendered":"<div class=\"wpb-content-wrapper\"><p>[vc_row full_width=&#8221;stretch_row&#8221; video_bg=&#8221;yes&#8221; video_bg_url=&#8221;https:\/\/www.youtube.com\/watch?v=W7YKO3t30Rc&#8221; kd_image_overlay_color=&#8221;rgba(0,0,0,0.7)&#8221; kd_image_overlay=&#8221;true&#8221; css=&#8221;.vc_custom_1671468929777{padding-top: 260px !important;padding-bottom: 260px !important;background-image: url(https:\/\/ekaunta.ravendev.lt\/wp-content\/uploads\/2022\/04\/ekaunta-apiemus2.jpg?id=7493) !important;}&#8221;][vc_column css=&#8221;.vc_custom_1671468831561{padding-top: 0px !important;}&#8221;][vc_row_inner][vc_column_inner width=&#8221;1\/6&#8243;][\/vc_column_inner][vc_column_inner width=&#8221;2\/3&#8243;]<div class=\"kd-text-rotator kd-rotatorid-69fde1ac6630d text-center  \"><div class=\"kd-text-rotator-container\"><h2 class=\"rotator-single kd-rotator-item-1 \" style=\" color: #ffffff; font-size: 60px;\">Us\u0142ugi ksi\u0119gowe<\/h2><h2 class=\"rotator-single kd-rotator-item-2 \" style=\" color: #ffffff; font-size: 60px;\">UAB EKAUNTA<\/h2><h2 class=\"rotator-single kd-rotator-item-3 \" style=\" color: #ffffff; font-size: 60px;\">+370 650 97095<\/h2><h2 class=\"rotator-single kd-rotator-item-4 last\" style=\"transition: all 0.5s 4.25s; color: #ffffff; font-size: 60px;\">Porozmawiajmy<\/h2><\/div><\/div>[\/vc_column_inner][vc_column_inner width=&#8221;1\/6&#8243;][\/vc_column_inner][\/vc_row_inner][\/vc_column][\/vc_row][vc_row full_width=&#8221;stretch_row&#8221; css=&#8221;.vc_custom_1539591364720{padding-top: 100px !important;padding-bottom: 100px !important;background-color: #f5f5f5 !important;}&#8221;][vc_column width=&#8221;1\/2&#8243; offset=&#8221;vc_col-lg-6 vc_col-md-12 vc_col-xs-12&#8243;][vc_row_inner][vc_column_inner css=&#8221;.vc_custom_1541519734045{padding-left: 0px !important;}&#8221;]<header class=\"kd-section-title col-lg-12 text-left  kd-animated fadeIn   vc_custom_1708529852677\" data-animation-delay=200><h2 class=\"separator_off\" >Us\u0142ugi ksi\u0119gowe<\/h2><\/header>[vc_column_text]<\/p>\n<p style=\"text-align: justify;\">\u2022 Darmowe konsultacje w zakresie rozlicze\u0144 podatkowych;<br \/>\n\u2022 Wprowadzanie faktur i dokument\u00f3w do programu ksi\u0119gowego;<br \/>\n\u2022 Rejestracja operacji bankowych i kasowych;<br \/>\n\u2022 Ksi\u0119gowo\u015b\u0107 \u015brodk\u00f3w trwa\u0142ych. Akty wprowadzenia do eksploatacji, zestawienia amortyzacyjne;<br \/>\n\u2022 Rozliczenia paliwa. Akty przyj\u0119cia i rozchodu;<br \/>\n\u2022 Ksi\u0119gowo\u015b\u0107 magazynowa;<br \/>\n\u2022 Ilo\u015bciowe rozliczenie niskocennego inwentarza. Akty przyj\u0119cia i rozchodu;<br \/>\n\u2022 Rozliczenie zaliczek;<br \/>\n\u2022 Uzgodnienia nale\u017cno\u015bci;<br \/>\n\u2022 Przygotowanie i sk\u0142adanie obowi\u0105zkowych sprawozda\u0144 do VMI;<br \/>\n\u2022 Sprawozdania i zg\u0142oszenia do &#8220;Sodra&#8221; (przyj\u0119cia, zwolnienia, udzielanie niep\u0142atnych urlop\u00f3w, rozwi\u0105zania itp.);<br \/>\n\u2022 Obliczanie podatk\u00f3w. Sporz\u0105dzanie bilansu, rocznego sprawozdania;<br \/>\n\u2022 Reprezentowanie klienta w VMI, &#8220;Sodra&#8221;, Rejestrze Przedsi\u0119biorstw;<br \/>\n\u2022 Rejestracja VAT;<br \/>\n\u2022 Zwrot nadp\u0142aty VAT z Litewskiej i Europejskiej Inspekcji Podatkowej;<br \/>\n\u2022 Wype\u0142nianie i sk\u0142adanie formularzy A1;<br \/>\n\u2022 Dodatkowe us\u0142ugi ksi\u0119gowe \u015bwiadczone zgodnie z potrzebami klienta.<\/p>\n<p>[\/vc_column_text][\/vc_column_inner][\/vc_row_inner][\/vc_column][vc_column width=&#8221;1\/6&#8243;][\/vc_column][vc_column width=&#8221;1\/3&#8243; offset=&#8221;vc_col-lg-4 vc_col-md-12 vc_col-xs-12&#8243; css=&#8221;.vc_custom_1516103212671{padding-right: 0px !important;}&#8221;]<div class=\"kd-photobox kd-animated fadeInUp \" data-animation-delay=200><div class=\"photobox-img\"><a href=\"https:\/\/ekaunta.ravendev.lt\/pages\/ekaunta-kontaktai\/\"  title=\"Kontakt\"><\/a><\/div><div class=\"phb-content text-left no-image\" >\n                  <h5 >UAB Ekaunta<\/h5>\n                  <p >Chcesz z nami wsp\u00f3\u0142pracowa\u0107?<\/p><div class=\"phb-btncontainer\">\n                        <a href=\"https:\/\/ekaunta.ravendev.lt\/pages\/ekaunta-kontaktai\/\"  title=\"Kontakt\" class=\"tt_button tt_primary_button button-action-link btn_primary_color\" >Kontakt<\/a>\n                    <\/div><\/div><\/div>[\/vc_column][\/vc_row]<\/p>\n<\/div>","protected":false},"excerpt":{"rendered":"<p>[vc_row full_width=&#8221;stretch_row&#8221; video_bg=&#8221;yes&#8221; video_bg_url=&#8221;https:\/\/www.youtube.com\/watch?v=W7YKO3t30Rc&#8221; kd_image_overlay_color=&#8221;rgba(0,0,0,0.7)&#8221; kd_image_overlay=&#8221;true&#8221; css=&#8221;.vc_custom_1671468929777{padding-top: 260px !important;padding-bottom: 260px !important;background-image: url(https:\/\/ekaunta.ravendev.lt\/wp-content\/uploads\/2022\/04\/ekaunta-apiemus2.jpg?id=7493) !important;}&#8221;][vc_column css=&#8221;.vc_custom_1671468831561{padding-top: 0px [&hellip;]<\/p>\n","protected":false},"author":1,"featured_media":0,"parent":0,"menu_order":0,"comment_status":"closed","ping_status":"closed","template":"","meta":{"footnotes":""},"class_list":["post-8625","page","type-page","status-publish","hentry"],"_links":{"self":[{"href":"https:\/\/ekaunta.lt\/pl\/wp-json\/wp\/v2\/pages\/8625","targetHints":{"allow":["GET"]}}],"collection":[{"href":"https:\/\/ekaunta.lt\/pl\/wp-json\/wp\/v2\/pages"}],"about":[{"href":"https:\/\/ekaunta.lt\/pl\/wp-json\/wp\/v2\/types\/page"}],"author":[{"embeddable":true,"href":"https:\/\/ekaunta.lt\/pl\/wp-json\/wp\/v2\/users\/1"}],"replies":[{"embeddable":true,"href":"https:\/\/ekaunta.lt\/pl\/wp-json\/wp\/v2\/comments?post=8625"}],"version-history":[{"count":1,"href":"https:\/\/ekaunta.lt\/pl\/wp-json\/wp\/v2\/pages\/8625\/revisions"}],"predecessor-version":[{"id":8626,"href":"https:\/\/ekaunta.lt\/pl\/wp-json\/wp\/v2\/pages\/8625\/revisions\/8626"}],"wp:attachment":[{"href":"https:\/\/ekaunta.lt\/pl\/wp-json\/wp\/v2\/media?parent=8625"}],"curies":[{"name":"wp","href":"https:\/\/api.w.org\/{rel}","templated":true}]}}