{"id":8600,"date":"2022-12-19T16:02:17","date_gmt":"2022-12-19T14:02:17","guid":{"rendered":"https:\/\/ekaunta.lt\/kalendarz-czasu-pracy-2024\/"},"modified":"2025-08-09T23:25:05","modified_gmt":"2025-08-09T21:25:05","slug":"kalendarz-czasu-pracy-2024","status":"publish","type":"page","link":"https:\/\/ekaunta.lt\/pl\/kalendarz-czasu-pracy-2024\/","title":{"rendered":"Kalendarz czasu pracy 2024"},"content":{"rendered":"<div class=\"wpb-content-wrapper\"><p>[vc_row][vc_column][\/vc_column][\/vc_row][vc_row][vc_column][vc_column_text]<\/p>\n<table style=\"width: 1133.33px;\">\n<tbody>\n<tr>\n<td colspan=\"6\">STYCZE\u0143<\/td>\n<td><\/td>\n<td colspan=\"7\">LUTY<\/td>\n<td><\/td>\n<td colspan=\"7\">MARZEC<\/td>\n<td><\/td>\n<\/tr>\n<p>[rest of calendar table with Polish translations&#8230;]<br \/>\n[\/vc_column_text][\/vc_column][\/vc_row][vc_row][vc_column][vc_column_text]<\/p>\n<h2 class=\"wp-block-heading\">Lista dni \u015bwi\u0105tecznych<\/h2>\n<ul>\n<li>1 stycznia \u2013 Nowy Rok<\/li>\n<li>16 lutego \u2013 Dzie\u0144 Odrodzenia Pa\u0144stwa Litewskiego<\/li>\n<li>11 marca \u2013 Dzie\u0144 Odzyskania Niepodleg\u0142o\u015bci Litwy<\/li>\n<li>31 marca \u2013 Wielkanoc<\/li>\n<li>1 kwietnia \u2013 Poniedzia\u0142ek Wielkanocny<\/li>\n<li>1 maja \u2013 Mi\u0119dzynarodowy Dzie\u0144 Pracy i Dzie\u0144 Matki<\/li>\n<li>5 maja \u2013 Dzie\u0144 Matki<\/li>\n<li>2 czerwca \u2013 Dzie\u0144 Ojca<\/li>\n<li>24 czerwca \u2013 Noc \u015awi\u0119toja\u0144ska<\/li>\n<li>6 lipca \u2013 Dzie\u0144 Koronacji Mendoga<\/li>\n<li>15 sierpnia \u2013 Wniebowzi\u0119cie Naj\u015bwi\u0119tszej Maryi Panny<\/li>\n<li>1 i 2 listopada \u2013 Wszystkich \u015awi\u0119tych i Dzie\u0144 Zaduszny<\/li>\n<li>24 grudnia \u2013 Wigilia Bo\u017cego Narodzenia<\/li>\n<li>25 i 26 grudnia \u2013 Bo\u017ce Narodzenie<\/li>\n<\/ul>\n<p>[\/vc_column_text][\/vc_column][\/vc_row][vc_row][vc_column][vc_column_text]<\/p>\n<table id=\"tablepress-2024-00\" class=\"tablepress tablepress-id-2024-00 buhalterio-kalendorius-viso\">\n<thead>\n<tr class=\"row-1\">\n<th class=\"column-1\">Rok 2024<\/th>\n<th class=\"column-2\" colspan=\"2\">5-dniowy tydzie\u0144 pracy<\/th>\n<th class=\"column-4\" colspan=\"2\">6-dniowy tydzie\u0144 pracy<\/th>\n<\/tr>\n<\/thead>\n<tbody class=\"row-hover\">\n<tr class=\"row-2\">\n<td class=\"column-1\"><\/td>\n<td class=\"column-2\">Dni<\/td>\n<td class=\"column-3\">Godz<\/td>\n<td class=\"column-4\">Dni<\/td>\n<td class=\"column-5\">Godz<\/td>\n<\/tr>\n<tr class=\"row-3\">\n<td class=\"column-1\">Liczba godzin w I kwartale<\/td>\n<td class=\"column-2\">62<\/td>\n<td class=\"column-3\">495<\/td>\n<td class=\"column-4\">75<\/td>\n<td class=\"column-5\">497<\/td>\n<\/tr>\n<tr class=\"row-4\">\n<td class=\"column-1\">Liczba godzin w II kwartale<\/td>\n<td class=\"column-2\">62<\/td>\n<td class=\"column-3\">495<\/td>\n<td class=\"column-4\">75<\/td>\n<td class=\"column-5\">496<\/td>\n<\/tr>\n<tr class=\"row-5\">\n<td class=\"column-1\">Liczba godzin w III kwartale<\/td>\n<td class=\"column-2\">65<\/td>\n<td class=\"column-3\">518<\/td>\n<td class=\"column-4\">77<\/td>\n<td class=\"column-5\">513<\/td>\n<\/tr>\n<tr class=\"row-6\">\n<td class=\"column-1\">Liczba godzin w IV kwartale<\/td>\n<td class=\"column-2\">62<\/td>\n<td class=\"column-3\">493<\/td>\n<td class=\"column-4\">74<\/td>\n<td class=\"column-5\">491<\/td>\n<\/tr>\n<tr class=\"row-7\">\n<td class=\"column-1\">Razem w roku<\/td>\n<td class=\"column-2\">251<\/td>\n<td class=\"column-3\">2001<\/td>\n<td class=\"column-4\">301<\/td>\n<td class=\"column-5\">1997<\/td>\n<\/tr>\n<tr class=\"row-8\">\n<td class=\"column-1\">\u015arednia liczba godzin pracy \/miesi\u0105c<\/td>\n<td class=\"column-2\" colspan=\"2\">166,8<\/td>\n<td class=\"column-4\" colspan=\"2\">166,4<\/td>\n<\/tr>\n<tr class=\"row-9\">\n<td class=\"column-1\">\u015arednia liczba dni pracy \/miesi\u0105c<\/td>\n<td class=\"column-2\" colspan=\"2\">20,9<\/td>\n<td class=\"column-4\" colspan=\"2\">25,1<\/td>\n<\/tr>\n<\/tbody>\n<\/table>\n<p>[\/vc_column_text][\/vc_column][\/vc_row]<\/p>\n<\/div>","protected":false},"excerpt":{"rendered":"<p>[vc_row][vc_column][\/vc_column][\/vc_row][vc_row][vc_column][vc_column_text] STYCZE\u0143 LUTY MARZEC [rest of calendar table with Polish translations&#8230;] [\/vc_column_text][\/vc_column][\/vc_row][vc_row][vc_column][vc_column_text] Lista dni \u015bwi\u0105tecznych [&hellip;]<\/p>\n","protected":false},"author":1,"featured_media":0,"parent":0,"menu_order":0,"comment_status":"closed","ping_status":"closed","template":"","meta":{"footnotes":""},"class_list":["post-8600","page","type-page","status-publish","hentry"],"_links":{"self":[{"href":"https:\/\/ekaunta.lt\/pl\/wp-json\/wp\/v2\/pages\/8600","targetHints":{"allow":["GET"]}}],"collection":[{"href":"https:\/\/ekaunta.lt\/pl\/wp-json\/wp\/v2\/pages"}],"about":[{"href":"https:\/\/ekaunta.lt\/pl\/wp-json\/wp\/v2\/types\/page"}],"author":[{"embeddable":true,"href":"https:\/\/ekaunta.lt\/pl\/wp-json\/wp\/v2\/users\/1"}],"replies":[{"embeddable":true,"href":"https:\/\/ekaunta.lt\/pl\/wp-json\/wp\/v2\/comments?post=8600"}],"version-history":[{"count":2,"href":"https:\/\/ekaunta.lt\/pl\/wp-json\/wp\/v2\/pages\/8600\/revisions"}],"predecessor-version":[{"id":8602,"href":"https:\/\/ekaunta.lt\/pl\/wp-json\/wp\/v2\/pages\/8600\/revisions\/8602"}],"wp:attachment":[{"href":"https:\/\/ekaunta.lt\/pl\/wp-json\/wp\/v2\/media?parent=8600"}],"curies":[{"name":"wp","href":"https:\/\/api.w.org\/{rel}","templated":true}]}}