{"id":8529,"date":"2018-10-22T13:45:37","date_gmt":"2018-10-22T11:45:37","guid":{"rendered":"https:\/\/ekaunta.lt\/ekaunta-about-us\/"},"modified":"2025-08-05T16:50:52","modified_gmt":"2025-08-05T14:50:52","slug":"ekaunta-about-us","status":"publish","type":"page","link":"https:\/\/ekaunta.lt\/en\/ekaunta-about-us\/","title":{"rendered":"About Us"},"content":{"rendered":"<div class=\"wpb-content-wrapper\"><p>[vc_row full_width=&#8221;stretch_row&#8221; video_bg=&#8221;yes&#8221; video_bg_url=&#8221;https:\/\/www.youtube.com\/watch?v=jPHxgnuF0FU&#8221; kd_image_overlay_color=&#8221;rgba(0,0,0,0.7)&#8221; kd_image_overlay=&#8221;true&#8221; css=&#8221;.vc_custom_1715358530384{padding-top: 260px !important;padding-bottom: 200px !important;background-image: url(https:\/\/www.ekko-wp.com\/wp-content\/uploads\/2018\/10\/blog4.jpg?id=7321) !important;}&#8221;][vc_column css=&#8221;.vc_custom_1513003956648{padding-top: 0px !important;}&#8221;][vc_row_inner][vc_column_inner width=&#8221;1\/6&#8243; css=&#8221;.vc_custom_1513004658055{padding-top: 50px !important;padding-left: 0px !important;}&#8221;][\/vc_column_inner][vc_column_inner width=&#8221;2\/3&#8243; css=&#8221;.vc_custom_1513008591637{padding-right: 0px !important;padding-left: 0px !important;}&#8221;]<div class=\"kd-text-rotator kd-rotatorid-69fdfee13e386 text-center  \"><div class=\"kd-text-rotator-container\"><h2 class=\"rotator-single kd-rotator-item-1 \" style=\" color: #ffffff; font-size: 60px;\">Susipa\u017einkime<\/h2><h2 class=\"rotator-single kd-rotator-item-2 \" style=\" color: #ffffff; font-size: 60px;\">Pasikalb\u0117kime<\/h2><h2 class=\"rotator-single kd-rotator-item-3 \" style=\" color: #ffffff; font-size: 60px;\">Aptarsime geriausi\u0105 sprendim\u0105<\/h2><h2 class=\"rotator-single kd-rotator-item-4 last\" style=\"transition: all 0.5s 4.25s; color: #ffffff; font-size: 60px;\">Apie Ekaunta<\/h2><\/div><\/div>[\/vc_column_inner][vc_column_inner width=&#8221;1\/6&#8243;][\/vc_column_inner][\/vc_row_inner][\/vc_column][\/vc_row][vc_row full_width=&#8221;stretch_row&#8221; parallax=&#8221;content-moving&#8221; css=&#8221;.vc_custom_1539607787552{padding-top: 100px !important;padding-bottom: 85px !important;}&#8221;][vc_column][vc_row_inner][vc_column_inner width=&#8221;1\/3&#8243; offset=&#8221;vc_col-lg-4 vc_col-md-12&#8243; css=&#8221;.vc_custom_1539607714286{padding-right: 50px !important;padding-left: 0px !important;}&#8221;]<header class=\"kd-section-title col-lg-12 text-left  kd-animated fadeIn   vc_custom_1693379819744\" data-animation-delay=200><h2 class=\"separator_off\" >Everything you need for a business that aspires to great heights. Apply now! <\/h2><\/header>[\/vc_column_inner][vc_column_inner width=&#8221;1\/3&#8243; offset=&#8221;vc_col-lg-4 vc_col-md-6&#8243;][vc_custom_heading text=&#8221;We provide accounting services: from preparing financial statements to consulting on taxes: we will take care of everything.&#8221; font_container=&#8221;tag:h6|font_size:16px|text_align:left&#8221; use_theme_fonts=&#8221;yes&#8221; css_animation=&#8221;fadeIn&#8221;][\/vc_column_inner][vc_column_inner width=&#8221;1\/3&#8243; offset=&#8221;vc_col-lg-4 vc_col-md-6&#8243;][vc_custom_heading text=&#8221;Want to know more about the services? Contact us. We will provide all the necessary information.  &#8221; font_container=&#8221;tag:h6|font_size:16px|text_align:left&#8221; use_theme_fonts=&#8221;yes&#8221; css_animation=&#8221;fadeIn&#8221;][\/vc_column_inner][\/vc_row_inner][vc_row_inner css=&#8221;.vc_custom_1539607585823{margin-top: 45px !important;border-top-width: 1px !important;padding-top: 55px !important;border-top-color: rgba(132,132,132,0.15) !important;border-top-style: solid !important;}&#8221;][vc_column_inner width=&#8221;1\/6&#8243;]<div class=\"key-icon-box icon-default icon-top cont-center ib-no-effect  kd-animated fadeInUp\" style=\"background-color: transparent;\" data-animation-delay=200><i class=\"iconsmind-Chemical-2 iconsmind-Science-Medical\" style=\" \"><\/i> <h6 class=\"service-heading\" >Professionalism<\/h6><\/div>[\/vc_column_inner][vc_column_inner width=&#8221;1\/6&#8243;]<div class=\"key-icon-box icon-default icon-top cont-center ib-no-effect  kd-animated fadeInUp\" style=\"background-color: transparent;\" data-animation-delay=200><i class=\"fas fa-atom\" style=\" \"><\/i> <h6 class=\"service-heading\" >Flexibility<\/h6><\/div>[\/vc_column_inner][vc_column_inner width=&#8221;1\/6&#8243;]<div class=\"key-icon-box icon-default icon-top cont-center ib-no-effect  kd-animated fadeInUp\" style=\"background-color: transparent;\" data-animation-delay=200><i class=\"fas fa-microscope\" style=\" \"><\/i> <h6 class=\"service-heading\" >Precision<\/h6><\/div>[\/vc_column_inner][vc_column_inner width=&#8221;1\/6&#8243;]<div class=\"key-icon-box icon-default icon-top cont-center ib-no-effect  kd-animated fadeInUp\" style=\"background-color: transparent;\" data-animation-delay=200><i class=\"iconsmind-Cloud- iconsmind-Cloud-Class\" style=\" \"><\/i> <h6 class=\"service-heading\" >Cloud technologies<\/h6><\/div>[\/vc_column_inner][vc_column_inner width=&#8221;1\/6&#8243;]<div class=\"key-icon-box icon-default icon-top cont-center ib-no-effect  kd-animated fadeInUp\" style=\"background-color: transparent;\" data-animation-delay=200><i class=\"iconsmind-Cloud-Secure iconsmind-Cloud-Class\" style=\" \"><\/i> <h6 class=\"service-heading\" >Data protection<\/h6><\/div>[\/vc_column_inner][vc_column_inner width=&#8221;1\/6&#8243;]<div class=\"key-icon-box icon-default icon-top cont-center ib-no-effect  kd-animated fadeInUp\" style=\"background-color: transparent;\" data-animation-delay=200><i class=\"iconsmind-Hand-TouchSmartphone iconsmind-Touch-Gestures\" style=\" \"><\/i> <h6 class=\"service-heading\" >Call us<\/h6><\/div>[\/vc_column_inner][\/vc_row_inner][\/vc_column][\/vc_row][vc_row full_width=&#8221;stretch_row_content_no_spaces&#8221; css=&#8221;.vc_custom_1538998888291{background-color: #f5f5f5 !important;}&#8221;][vc_column width=&#8221;1\/2&#8243; css=&#8221;.vc_custom_1538998872764{padding-top: 0px !important;}&#8221; offset=&#8221;vc_col-lg-6 vc_col-md-12&#8243;][vc_row_inner css=&#8221;.vc_custom_1733995120863{padding-top: 200px !important;padding-right: 200px !important;padding-bottom: 200px !important;padding-left: 200px !important;background-image: url(https:\/\/ekaunta.lt\/wp-content\/uploads\/2024\/05\/coveris4.jpg?id=7967) !important;background-position: center !important;background-repeat: no-repeat !important;background-size: contain !important;}&#8221;][vc_column_inner css=&#8221;.vc_custom_1511789291663{padding-top: 0px !important;padding-bottom: 0px !important;}&#8221;][vc_empty_space height=&#8221;100px&#8221;][\/vc_column_inner][\/vc_row_inner][\/vc_column][vc_column width=&#8221;1\/2&#8243; offset=&#8221;vc_col-lg-6 vc_col-md-12&#8243;][vc_row_inner css=&#8221;.vc_custom_1541152678082{padding-top: 145px !important;}&#8221; el_class=&#8221;vc_hidden-sm vc_hidden-xs&#8221;][vc_column_inner width=&#8221;1\/4&#8243; offset=&#8221;vc_hidden-md vc_hidden-sm vc_hidden-xs&#8221;][\/vc_column_inner][vc_column_inner width=&#8221;1\/2&#8243; offset=&#8221;vc_col-lg-offset-0 vc_col-lg-6 vc_col-md-offset-1 vc_col-md-10 vc_col-sm-offset-1 vc_hidden-sm vc_hidden-xs&#8221;]<header class=\"kd-section-title col-lg-12 text-left  kd-animated fadeIn   vc_custom_1693379921559\" data-animation-delay=200><h2 class=\"separator_off\" >To meet all customer needs, we offer a wide range of services<\/h2><\/header>[\/vc_column_inner][\/vc_row_inner][vc_row_inner css=&#8221;.vc_custom_1515090159343{padding-bottom: 40px !important;}&#8221;][vc_column_inner width=&#8221;1\/4&#8243; offset=&#8221;vc_col-lg-3 vc_col-md-12 vc_hidden-md vc_hidden-sm vc_hidden-xs&#8221;][\/vc_column_inner][vc_column_inner offset=&#8221;vc_col-lg-offset-0 vc_col-lg-6 vc_col-md-offset-1 vc_col-md-10 vc_col-sm-offset-0 vc_col-xs-12&#8243;]<div class=\"kd_progress_bar  \" ><div class=\"kd_progb_head\"><div class=\"kd-progb-static\"><div class=\"kd-progb-title\"><h4 >Range of services<\/h4><\/div><span class=\"kd_progressbarmarker\" >80%<\/span><\/div><\/div><div class=\"kd_progressbarfull thin-solid\">\n                  <div class=\"kd_progressbarfill\"  data-value=\"80\" data-time=\"2000\">\n                <\/div><\/div><div class=\"kd_progb_desc\"><\/div><\/div><div class=\"kd_progress_bar  \" ><div class=\"kd_progb_head\"><div class=\"kd-progb-static\"><div class=\"kd-progb-title\"><h4 >Competent specialists<\/h4><\/div><span class=\"kd_progressbarmarker\" >100%<\/span><\/div><\/div><div class=\"kd_progressbarfull thin-solid\">\n                  <div class=\"kd_progressbarfill\"  data-value=\"100\" data-time=\"2000\">\n                <\/div><\/div><div class=\"kd_progb_desc\"><\/div><\/div><div class=\"kd_progress_bar  \" ><div class=\"kd_progb_head\"><div class=\"kd-progb-static\"><div class=\"kd-progb-title\"><h4 >Continuous work<\/h4><\/div><span class=\"kd_progressbarmarker\" >100%<\/span><\/div><\/div><div class=\"kd_progressbarfull thin-solid\">\n                  <div class=\"kd_progressbarfill\"  data-value=\"100\" data-time=\"2000\">\n                <\/div><\/div><div class=\"kd_progb_desc\"><\/div><\/div>[\/vc_column_inner][\/vc_row_inner][\/vc_column][\/vc_row][vc_row full_width=&#8221;stretch_row_content_no_spaces&#8221; css=&#8221;.vc_custom_1539771037767{background-color: #f5f5f5 !important;}&#8221;][vc_column width=&#8221;1\/2&#8243; css=&#8221;.vc_custom_1522317894944{padding-top: 0px !important;}&#8221; offset=&#8221;vc_col-lg-6 vc_col-md-12&#8243;][vc_row_inner css=&#8221;.vc_custom_1516105791092{padding-top: 100px !important;padding-bottom: 30px !important;}&#8221;][vc_column_inner width=&#8221;1\/4&#8243; offset=&#8221;vc_hidden-md vc_hidden-sm vc_hidden-xs&#8221;][\/vc_column_inner][vc_column_inner width=&#8221;11\/12&#8243; offset=&#8221;vc_col-lg-offset-0 vc_col-lg-6 vc_col-md-offset-1 vc_col-sm-offset-0&#8243;][vc_custom_heading text=&#8221;I decided to dedicate my future to economics while I was still in school, which led me to pursue accounting studies at the Faculty of Economics at Vilnius University. After successfully completing them, I began my professional activities in July 2005. My practice was successful, so in March 2013 I founded Ekaunta, UAB. Accounting is both my hobby and my beloved job.     &#8221; font_container=&#8221;tag:h6|font_size:16px|text_align:left&#8221;]<header class=\"kd-section-title col-lg-12 text-left  kd-animated fadeIn   vc_custom_1693380080141\" data-animation-delay=200><h2 class=\"separator_off\" >UAB \u201eEkaunta\u201c CEO Jurgita Gric\u0117.<\/h2><\/header>[\/vc_column_inner][\/vc_row_inner][vc_row_inner][vc_column_inner width=&#8221;1\/4&#8243; offset=&#8221;vc_hidden-md vc_hidden-sm vc_hidden-xs&#8221;][\/vc_column_inner][\/vc_row_inner][\/vc_column][vc_column width=&#8221;1\/2&#8243; offset=&#8221;vc_col-lg-6 vc_col-md-12&#8243; css=&#8221;.vc_custom_1522317922459{padding-bottom: 50px !important;}&#8221;][vc_row_inner css=&#8221;.vc_custom_1733995372876{padding-top: 200px !important;padding-bottom: 100px !important;background-image: url(https:\/\/ekaunta.lt\/wp-content\/uploads\/2022\/04\/ekaunta-apiemus1.jpg?id=7492) !important;background-position: center !important;background-repeat: no-repeat !important;background-size: contain !important;}&#8221;][vc_column_inner css=&#8221;.vc_custom_1511789291663{padding-top: 0px !important;padding-bottom: 0px !important;}&#8221;][vc_empty_space height=&#8221;300px&#8221;][\/vc_column_inner][\/vc_row_inner][\/vc_column][\/vc_row][vc_row full_width=&#8221;stretch_row&#8221; css=&#8221;.vc_custom_1539011586550{padding-top: 100px !important;}&#8221;][vc_column css=&#8221;.vc_custom_1515766787287{padding-right: 0px !important;padding-left: 0px !important;}&#8221;][vc_row_inner][vc_column_inner]<header class=\"kd-section-title vc_col-lg-6 vc_col-sm-8 text-center  kd-animated fadeIn   vc_custom_1693380096500\" data-animation-delay=200><h2 class=\"separator_off\" >We provide accounting services: from preparing financial statements to consulting on taxes: we will take care of everything.<\/h2><\/header>[vc_column_text]The client uploads documents to OneDrive, and we enter them into the accounting program. Every month, we inform clients about the taxes they owe, indicate whether they have sent all the documents, and advise them on how they can save their company&#8217;s finances. If customers have any questions, we always answer them. In writing, by phone or in person.[\/vc_column_text][\/vc_column_inner][\/vc_row_inner][\/vc_column][\/vc_row][vc_row full_width=&#8221;stretch_row&#8221; css=&#8221;.vc_custom_1539011586550{padding-top: 100px !important;}&#8221;][vc_column css=&#8221;.vc_custom_1515766787287{padding-right: 0px !important;padding-left: 0px !important;}&#8221;][vc_row_inner][vc_column_inner]<header class=\"kd-section-title vc_col-lg-6 vc_col-sm-8 text-center  kd-animated fadeIn   vc_custom_1693380150157\" data-animation-delay=200><h2 class=\"separator_off\" >How do we keep records?<\/h2><\/header>[vc_column_text]We have accumulated more than 17 years of accounting experience in maintaining accounts for various companies.<\/p>\n<p>Dirbame tiek su fiziniais dokumentais, tiek nuotoliniu b\u016bdu. Dokumentus klientai gali pristatyti keliais b\u016bdais: atve\u017eti \u012f biur\u0105 jiems patogiu metu (\u012fmesti \u012f \u0161alia biuro esan\u010di\u0105 pa\u0161to d\u0117\u017eut\u0119), \u012fkelti nuotoliniu b\u016bdu \u012f program\u0105 \u201eOnedrive\u201c arba atsi\u0173sti klasikiniu pa\u0161tu. <\/p>\n<p>We work both with physical documents and remotely. Clients can deliver documents in several ways: bring them to the office at a time convenient for them (drop them in the mailbox near the office), upload them remotely to the OneDrive application, or send them by classic mail. <\/p>\n<p>We communicate with customers live, by phone, text, email, Facebook, Viber, WhatsApp, Telegram, or other methods. If we miss a call from a client, we make sure to call them back at the earliest opportunity.  <\/p>\n<p>We respond to questions received immediately or on the same day\/within a few days. It depends on the complexity of the question. <\/p>\n<p>Our company adheres to a strict confidentiality policy, therefore it strictly protects the business and financial information provided by its clients.<\/p>\n<p>We inform clients about changes in the law on accounting and issues closely related to accounting.<\/p>\n<p>We work with the accounting software Stekas and Alga4, which are easy to understand. Upon request, we can provide any necessary reports. <\/p>\n<p>We can communicate with clients in Lithuanian, English, and Russian.<\/p>\n<p>Our company&#8217;s employees constantly improve their skills by participating in seminars, attending training courses, and taking an interest in accounting innovations.<\/p>\n<p>We are always available &#8211; if someone gets sick or goes on vacation, another employee is always replaced.<\/p>\n<p>Did you arrive by car? No problem \u2013 you can always find a place for it near the office.[\/vc_column_text][\/vc_column_inner][\/vc_row_inner][\/vc_column][\/vc_row][vc_row full_width=&#8221;stretch_row&#8221; css=&#8221;.vc_custom_1539011586550{padding-top: 100px !important;}&#8221;][vc_column css=&#8221;.vc_custom_1515766787287{padding-right: 0px !important;padding-left: 0px !important;}&#8221;][vc_row_inner][vc_column_inner]<header class=\"kd-section-title vc_col-lg-6 vc_col-sm-8 text-center  kd-animated fadeIn   vc_custom_1693380205058\" data-animation-delay=200><h2 class=\"separator_off\" >Planning process<\/h2><h6 class=\"subtitle \" >Where does our success lie?<br \/>\nFocusing on the organized planning of financial tasks for the day, week, month, and year.<\/h6><\/header>[\/vc_column_inner][\/vc_row_inner][vc_row_inner css=&#8221;.vc_custom_1539014020306{padding-top: 0px !important;padding-bottom: 70px !important;}&#8221;][vc_column_inner]\r\n            <div class=\"kd-process-steps process_four_elem process-checkbox-template \">\r\n                <ul>\r\n                <li class=\"pss-item kd-animated fadeIn \"  >\r\n                    <div class=\"pss-container\"><div class=\"pss-step-number\"><span >1<\/span><\/div><div class=\"pss-text-area\">\r\n                            <h5 >Strategic plan vision<\/h5>\r\n                            <p ><\/p><\/div>\r\n                    <\/div>\r\n                <\/li>\r\n                <li class=\"pss-item kd-animated fadeIn \"  data-animation-delay=200>\r\n                    <div class=\"pss-container\"><div class=\"pss-step-number\"><span >2<\/span><\/div><div class=\"pss-text-area\">\r\n                            <h5 >Target isolation<\/h5>\r\n                            <p ><\/p><\/div>\r\n                    <\/div>\r\n                <\/li>\r\n                <li class=\"pss-item kd-animated fadeIn \"  data-animation-delay=400>\r\n                    <div class=\"pss-container\"><div class=\"pss-step-number\"><span >3<\/span><\/div><div class=\"pss-text-area\">\r\n                            <h5 >Process management<\/h5>\r\n                            <p ><\/p><\/div>\r\n                    <\/div>\r\n                <\/li>\r\n                <li class=\"pss-item kd-animated fadeIn \"  data-animation-delay=600>\r\n                    <div class=\"pss-container\"><div class=\"pss-step-number\"><span >4<\/span><\/div><div class=\"pss-text-area\">\r\n                            <h5 >Work result<\/h5>\r\n                            <p ><\/p><\/div>\r\n                    <\/div>\r\n                <\/li><\/ul>\r\n            <\/div>[\/vc_column_inner][\/vc_row_inner][\/vc_column][\/vc_row][vc_row full_width=&#8221;stretch_row_content_no_spaces&#8221; css=&#8221;.vc_custom_1539771037767{background-color: #f5f5f5 !important;}&#8221;][vc_column width=&#8221;1\/2&#8243; css=&#8221;.vc_custom_1522317894944{padding-top: 0px !important;}&#8221; offset=&#8221;vc_col-lg-6 vc_col-md-12&#8243;][vc_row_inner css=&#8221;.vc_custom_1649091387165{padding-top: 200px !important;padding-bottom: 100px !important;background-image: url(https:\/\/ekaunta.ravendev.lt\/wp-content\/uploads\/2022\/04\/ekaunta-apiemus2.jpg?id=7493) !important;}&#8221;][vc_column_inner css=&#8221;.vc_custom_1511789291663{padding-top: 0px !important;padding-bottom: 0px !important;}&#8221;][vc_empty_space height=&#8221;300px&#8221;][\/vc_column_inner][\/vc_row_inner][\/vc_column][vc_column width=&#8221;1\/2&#8243; offset=&#8221;vc_col-lg-6 vc_col-md-12&#8243; css=&#8221;.vc_custom_1522317922459{padding-bottom: 50px !important;}&#8221;][vc_row_inner css=&#8221;.vc_custom_1516105791092{padding-top: 100px !important;padding-bottom: 30px !important;}&#8221;][vc_column_inner width=&#8221;1\/4&#8243; offset=&#8221;vc_hidden-md vc_hidden-sm vc_hidden-xs&#8221;][\/vc_column_inner][vc_column_inner width=&#8221;11\/12&#8243; offset=&#8221;vc_col-lg-offset-0 vc_col-lg-6 vc_col-md-offset-1 vc_col-sm-offset-0&#8243;]<header class=\"kd-section-title col-lg-12 text-left  kd-animated fadeIn   vc_custom_1693380296747\" data-animation-delay=200><h2 class=\"separator_off\" >We are committed to quality.<\/h2><\/header>[\/vc_column_inner][\/vc_row_inner][vc_row_inner][vc_column_inner width=&#8221;1\/4&#8243; offset=&#8221;vc_hidden-md vc_hidden-sm vc_hidden-xs&#8221;][\/vc_column_inner][vc_column_inner width=&#8221;5\/12&#8243; css=&#8221;.vc_custom_1541586840233{padding-right: 30px !important;}&#8221; offset=&#8221;vc_col-lg-offset-0 vc_col-lg-3 vc_col-md-offset-1 vc_col-sm-offset-0&#8243;]<div class=\"kd_counter icon-top large-counter count_left \" ><div class=\"kd_counter_content\"><h4 class=\"kd_counter_number\"><span class=\"kd_number_string\"  data-from=\"0\" data-to=\"50\" data-refresh-interval=\"50\" >0<\/span>\n                                  <span class=\"kd_counter_units\" >+<\/span><\/h4><div class=\"kd_counter_text\" ><\/div><\/div><\/div><div class=\"key-icon-box icon-default  cont-left ib-no-effect  kd-animated fadeIn\" style=\"background-color: transparent;\" data-animation-delay=200><h6 class=\"service-heading\" >satisfied customers<\/h6><p >You can become one of them too!<\/p><\/div>[\/vc_column_inner][vc_column_inner width=&#8221;1\/2&#8243; css=&#8221;.vc_custom_1541586564400{padding-right: 30px !important;}&#8221; offset=&#8221;vc_col-lg-3&#8243;]<div class=\"kd_counter icon-top large-counter count_left \" ><div class=\"kd_counter_content\"><h4 class=\"kd_counter_number\"><span class=\"kd_number_string\"  data-from=\"0\" data-to=\"100000\" data-refresh-interval=\"50\" >0<\/span>\n                                  <span class=\"kd_counter_units\" >+<\/span><\/h4><div class=\"kd_counter_text\" ><\/div><\/div><\/div><div class=\"key-icon-box icon-default  cont-left ib-no-effect  kd-animated fadeIn\" style=\"background-color: transparent;\" data-animation-delay=200><h6 class=\"service-heading\" >Processed documents<\/h6><p >We will share our experience<\/p><\/div>[\/vc_column_inner][\/vc_row_inner][\/vc_column][\/vc_row][vc_row full_width=&#8221;stretch_row&#8221; css=&#8221;.vc_custom_1555685960729{border-top-width: 1px !important;border-top-color: #eaeaea !important;border-top-style: solid !important;}&#8221;][vc_column][vc_row_inner css=&#8221;.vc_custom_1555685968851{padding-top: 80px !important;padding-bottom: 80px !important;}&#8221;][vc_column_inner]<div class=\"slider clients lift-effect kd-client-69fdfee13eded black-navigation \"><div class=\"clients-content \" ><a href=\"http:\/\/gideas.lt\" target=\"\"><img decoding=\"async\" width=\"150\" height=\"150\" src=\"https:\/\/ekaunta.lt\/wp-content\/uploads\/2022\/04\/logo.png\" class=\"attachment-full\" alt=\"\" title=\"logo\" \/><\/a><\/div><div class=\"clients-content \" ><img decoding=\"async\" src=\"https:\/\/ekaunta.lt\/wp-content\/uploads\/2023\/01\/logo_-2.png\"  \/><\/div><div class=\"clients-content \" ><img decoding=\"async\" src=\"https:\/\/tkprojektai.lt\/wp-content\/uploads\/2017\/03\/logo_web.png\"  \/><\/div><div class=\"clients-content \" ><img decoding=\"async\" src=\"https:\/\/rekvizitai.vz.lt\/logos\/codelab_mb-201193-815.jpg\"  \/><\/div><div class=\"clients-content \" ><img decoding=\"async\" src=\"https:\/\/ekaunta.lt\/wp-content\/uploads\/2023\/01\/logo.png\"  \/><\/div><\/div><script type=\"text\/javascript\">\r\n              jQuery(document).ready(function($){\r\n                if ($(\".slider.clients.kd-client-69fdfee13eded\").length) {\r\n                  $(\".slider.clients.kd-client-69fdfee13eded\").owlCarousel({\r\n                    stageClass: \"owl-wrapper\",\r\n                    stageOuterClass: \"owl-wrapper-outer\",\r\n                    loadedClass: \"owl-carousel\",\r\n                    responsiveClass:true,responsive:{\r\n                      0:{\r\n                          items:1,nav: true,\r\n                            navSpeed: 500,\r\n                            dots: false,},\r\n                      480:{\r\n                          items:3,nav: true,\r\n                            navSpeed: 500,\r\n                            dots: false,},\r\n                      960:{\r\n                          items:5,nav: true,\r\n                              navSpeed: 500,\r\n                              dots: false,}\r\n                    },loop: true,autoplay: true,autoplayTimeout: 8000,\r\n                  });\r\n                }\r\n              });\r\n            <\/script>[\/vc_column_inner][\/vc_row_inner][\/vc_column][\/vc_row]<\/p>\n<\/div>","protected":false},"excerpt":{"rendered":"<p>[vc_row full_width=&#8221;stretch_row&#8221; video_bg=&#8221;yes&#8221; video_bg_url=&#8221;https:\/\/www.youtube.com\/watch?v=jPHxgnuF0FU&#8221; kd_image_overlay_color=&#8221;rgba(0,0,0,0.7)&#8221; kd_image_overlay=&#8221;true&#8221; css=&#8221;.vc_custom_1715358530384{padding-top: 260px !important;padding-bottom: 200px !important;background-image: url(https:\/\/www.ekko-wp.com\/wp-content\/uploads\/2018\/10\/blog4.jpg?id=7321) !important;}&#8221;][vc_column css=&#8221;.vc_custom_1513003956648{padding-top: 0px [&hellip;]<\/p>\n","protected":false},"author":1,"featured_media":0,"parent":0,"menu_order":0,"comment_status":"closed","ping_status":"closed","template":"","meta":{"footnotes":""},"class_list":["post-8529","page","type-page","status-publish","hentry"],"_links":{"self":[{"href":"https:\/\/ekaunta.lt\/en\/wp-json\/wp\/v2\/pages\/8529","targetHints":{"allow":["GET"]}}],"collection":[{"href":"https:\/\/ekaunta.lt\/en\/wp-json\/wp\/v2\/pages"}],"about":[{"href":"https:\/\/ekaunta.lt\/en\/wp-json\/wp\/v2\/types\/page"}],"author":[{"embeddable":true,"href":"https:\/\/ekaunta.lt\/en\/wp-json\/wp\/v2\/users\/1"}],"replies":[{"embeddable":true,"href":"https:\/\/ekaunta.lt\/en\/wp-json\/wp\/v2\/comments?post=8529"}],"version-history":[{"count":3,"href":"https:\/\/ekaunta.lt\/en\/wp-json\/wp\/v2\/pages\/8529\/revisions"}],"predecessor-version":[{"id":8555,"href":"https:\/\/ekaunta.lt\/en\/wp-json\/wp\/v2\/pages\/8529\/revisions\/8555"}],"wp:attachment":[{"href":"https:\/\/ekaunta.lt\/en\/wp-json\/wp\/v2\/media?parent=8529"}],"curies":[{"name":"wp","href":"https:\/\/api.w.org\/{rel}","templated":true}]}}