{"id":8510,"date":"2023-01-19T17:59:40","date_gmt":"2023-01-19T15:59:40","guid":{"rendered":"https:\/\/ekaunta.lt\/accounting-and-tax-consultations\/"},"modified":"2025-08-09T22:51:58","modified_gmt":"2025-08-09T20:51:58","slug":"accounting-and-tax-consultations","status":"publish","type":"page","link":"https:\/\/ekaunta.lt\/en\/accounting-and-tax-consultations\/","title":{"rendered":"Accounting and tax consultations:"},"content":{"rendered":"<div class=\"wpb-content-wrapper\"><p>[vc_row full_width=&#8221;stretch_row&#8221; video_bg=&#8221;yes&#8221; video_bg_url=&#8221;https:\/\/www.youtube.com\/watch?v=W7YKO3t30Rc&#8221; kd_image_overlay_color=&#8221;rgba(0,0,0,0.7)&#8221; kd_image_overlay=&#8221;true&#8221; css=&#8221;.vc_custom_1649093519899{padding-top: 260px !important;padding-bottom: 200px !important;background-image: url(https:\/\/ekaunta.ravendev.lt\/wp-content\/uploads\/2022\/04\/ekaunta-apiemus2.jpg?id=7493) !important;}&#8221;][vc_column css=&#8221;.vc_custom_1513003956648{padding-top: 0px !important;}&#8221;][vc_row_inner][vc_column_inner width=&#8221;1\/6&#8243; css=&#8221;.vc_custom_1513004658055{padding-top: 50px !important;padding-left: 0px !important;}&#8221;][\/vc_column_inner][vc_column_inner width=&#8221;2\/3&#8243; css=&#8221;.vc_custom_1513008591637{padding-right: 0px !important;padding-left: 0px !important;}&#8221;]<div class=\"kd-text-rotator kd-rotatorid-69e6d8b012b6c text-center  \"><div class=\"kd-text-rotator-container\"><h2 class=\"rotator-single kd-rotator-item-1 \" style=\" color: #ffffff; font-size: 60px;\">Ekaunta J\u016bs\u0173 finans\u0173 partneris<\/h2><h2 class=\"rotator-single kd-rotator-item-2 \" style=\" color: #ffffff; font-size: 60px;\">nuo pirmini\u0173 dokument\u0173 iki finansin\u0117s ataskaitos<\/h2><h2 class=\"rotator-single kd-rotator-item-3 \" style=\" color: #ffffff; font-size: 60px;\">Turite klausim\u0173?<\/h2><h2 class=\"rotator-single kd-rotator-item-4 last\" style=\"transition: all 0.5s 4.25s; color: #ffffff; font-size: 60px;\">Pasikalb\u0117sime<\/h2><\/div><\/div>[\/vc_column_inner][vc_column_inner width=&#8221;1\/6&#8243;][\/vc_column_inner][\/vc_row_inner][\/vc_column][\/vc_row][vc_row full_width=&#8221;stretch_row&#8221; css=&#8221;.vc_custom_1539770041082{padding-top: 100px !important;}&#8221;][vc_column][vc_row_inner css=&#8221;.vc_custom_1541771997169{margin-bottom: 50px !important;}&#8221;][vc_column_inner][vc_empty_space height=&#8221;25px&#8221;]<header class=\"kd-section-title vc_col-lg-6 vc_col-sm-8 text-center  kd-animated fadeIn  \" data-animation-delay=200><h2 class=\"separator_off\" >Accounting and tax consultations:<\/h2><\/header>[\/vc_column_inner][\/vc_row_inner][vc_row_inner css=&#8221;.vc_custom_1541771985753{padding-bottom: 100px !important;}&#8221;][vc_column_inner width=&#8221;1\/3&#8243; css=&#8221;.vc_custom_1556019542510{padding-top: 60px !important;padding-right: 120px !important;padding-left: 0px !important;}&#8221;]<div class=\"key-icon-box icon-default icon-top cont-left ib-no-effect  kd-animated fadeInUp\" style=\"background-color: transparent;\" ><i class=\"\" style=\" \"><\/i> <h5 class=\"service-heading\" >Tax overpayment<\/h5><p >How can I change the bank account in my tax return to which I wish to receive the income tax overpayment?<\/p><\/div>[vc_empty_space height=&#8221;50px&#8221;]<div class=\"key-icon-box icon-default icon-top cont-left ib-no-effect  kd-animated fadeInUp\" style=\"background-color: transparent;\" ><i class=\"\" style=\" \"><\/i> <h5 class=\"service-heading\" >Are the data duplicated?<\/h5><p >What should I do if the data on individual activity income, received from companies and i.APS, is duplicated in the declaration?<\/p><\/div>[\/vc_column_inner][vc_column_inner width=&#8221;1\/3&#8243; css=&#8221;.vc_custom_1556019545382{padding-top: 60px !important;padding-right: 120px !important;padding-left: 0px !important;}&#8221;]<div class=\"key-icon-box icon-default icon-top cont-left ib-no-effect  kd-animated fadeInUp\" style=\"background-color: transparent;\" data-animation-delay=200><i class=\"\" style=\" \"><\/i> <h5 class=\"service-heading\" >1441?<\/h5><p >What should I enter in the declaration field &quot;How much income tax did you pay independently before submitting the declaration with contribution code 1441&quot;?<\/p><\/div>[vc_empty_space height=&#8221;50px&#8221;]<div class=\"key-icon-box icon-default icon-top cont-left ib-no-effect  kd-animated fadeInUp\" style=\"background-color: transparent;\" data-animation-delay=200><i class=\"\" style=\" \"><\/i> <h5 class=\"service-heading\" >How should I declare?<\/h5><p >How should I declare if part of my individual activity income is already specified in the declaration formed by VMI?<\/p><\/div>[\/vc_column_inner][vc_column_inner width=&#8221;1\/3&#8243;]<div class=\"pricing-wrapper\">\n  \t\t\t\t<div class=\"pricing-table active MinimalStyle kd-animated zoomIn\" data-animation-delay=200>\n                    <div class=\"row pricing-title\">\n\t                   <h5 class=\"pricing-title-content\" >Consultation price from<\/h5>\n  \t\t\t\t\t<\/div><div class=\"row pricing\"><div class=\"col-lg-3\">\n  \t\t\t\t\t\t\t<div class=\"row\"><span class=\"pricing-price default-plan sale-no\" >\n                        <span class=\"pt-normal-price\">\n                          40\/h+VAT<span class=\"currency\">&#128;<\/span>\n                        <\/span><\/span><div class=\"pricing-meta\">\n                         <span class=\"pricing-time default-plan\" ><\/span><\/div>\n                    <\/div>\n      \t\t\t\t\t\t<\/div><div class=\"pricing-options-container MinimalStyle\" ><div class=\"pricing-row\"><span class=\"pricing-value\"><span class=\"pricing-option pricing-opt-check-icon\"><i class=\"fas fa-check\"><\/i><span class=\"pricing-option-text default-plan\">Greita<\/span><span class=\"pricing-option-text secondary-plan\">Greita<\/span><\/span><\/span><\/div><div class=\"pricing-row\"><span class=\"pricing-value\"><span class=\"pricing-option pricing-opt-check-icon\"><i class=\"fas fa-check\"><\/i><span class=\"pricing-option-text default-plan\">Tikslu<\/span><span class=\"pricing-option-text secondary-plan\">Tikslu<\/span><\/span><\/span><\/div><div class=\"pricing-row\"><span class=\"pricing-value\"><span class=\"pricing-option pricing-opt-check-icon\"><i class=\"fas fa-check\"><\/i><span class=\"pricing-option-text default-plan\">Patogu<\/span><span class=\"pricing-option-text secondary-plan\">Patogu<\/span><\/span><\/span><\/div><\/div><a href=\"https:\/\/ekaunta.lt\/en\/contact\/\"  target=\"_self\" class=\"tt_button  tt_primary_button btn_primary_color\"><span class=\"prim_text\">Contact<\/span><\/a><\/div>\n\t         <\/div><\/div>[\/vc_column_inner][\/vc_row_inner][\/vc_column][\/vc_row][vc_row][vc_column][vc_column_text]We provide consultations on accounting and tax matters orally (in-person, by phone), in writing, and remotely. We consult on: Value Added Tax, Corporate Income Tax, Real Estate Tax, Personal Income Tax, Land Tax, and other taxes.[\/vc_column_text][vc_empty_space][\/vc_column][\/vc_row][vc_row][vc_column][\/vc_column][\/vc_row]<\/p>\n<\/div>","protected":false},"excerpt":{"rendered":"<p>[vc_row full_width=&#8221;stretch_row&#8221; video_bg=&#8221;yes&#8221; video_bg_url=&#8221;https:\/\/www.youtube.com\/watch?v=W7YKO3t30Rc&#8221; kd_image_overlay_color=&#8221;rgba(0,0,0,0.7)&#8221; kd_image_overlay=&#8221;true&#8221; css=&#8221;.vc_custom_1649093519899{padding-top: 260px !important;padding-bottom: 200px !important;background-image: url(https:\/\/ekaunta.ravendev.lt\/wp-content\/uploads\/2022\/04\/ekaunta-apiemus2.jpg?id=7493) !important;}&#8221;][vc_column css=&#8221;.vc_custom_1513003956648{padding-top: 0px [&hellip;]<\/p>\n","protected":false},"author":1,"featured_media":0,"parent":0,"menu_order":0,"comment_status":"closed","ping_status":"closed","template":"","meta":{"footnotes":""},"class_list":["post-8510","page","type-page","status-publish","hentry"],"_links":{"self":[{"href":"https:\/\/ekaunta.lt\/en\/wp-json\/wp\/v2\/pages\/8510","targetHints":{"allow":["GET"]}}],"collection":[{"href":"https:\/\/ekaunta.lt\/en\/wp-json\/wp\/v2\/pages"}],"about":[{"href":"https:\/\/ekaunta.lt\/en\/wp-json\/wp\/v2\/types\/page"}],"author":[{"embeddable":true,"href":"https:\/\/ekaunta.lt\/en\/wp-json\/wp\/v2\/users\/1"}],"replies":[{"embeddable":true,"href":"https:\/\/ekaunta.lt\/en\/wp-json\/wp\/v2\/comments?post=8510"}],"version-history":[{"count":4,"href":"https:\/\/ekaunta.lt\/en\/wp-json\/wp\/v2\/pages\/8510\/revisions"}],"predecessor-version":[{"id":8585,"href":"https:\/\/ekaunta.lt\/en\/wp-json\/wp\/v2\/pages\/8510\/revisions\/8585"}],"wp:attachment":[{"href":"https:\/\/ekaunta.lt\/en\/wp-json\/wp\/v2\/media?parent=8510"}],"curies":[{"name":"wp","href":"https:\/\/api.w.org\/{rel}","templated":true}]}}