{"id":8469,"date":"2018-10-22T13:48:46","date_gmt":"2018-10-22T11:48:46","guid":{"rendered":"https:\/\/ekaunta.lt\/contact\/"},"modified":"2025-06-25T22:21:58","modified_gmt":"2025-06-25T20:21:58","slug":"contact","status":"publish","type":"page","link":"https:\/\/ekaunta.lt\/en\/contact\/","title":{"rendered":"Contact"},"content":{"rendered":"<div class=\"wpb-content-wrapper\"><p>[vc_row full_width=&#8221;stretch_row&#8221; video_bg=&#8221;yes&#8221; video_bg_url=&#8221;https:\/\/www.youtube.com\/watch?v=BQVbSA7U_8A&#8221; kd_image_overlay_color=&#8221;rgba(0,0,0,0.7)&#8221; kd_image_overlay=&#8221;true&#8221; css=&#8221;.vc_custom_1649190790820{padding-top: 260px !important;padding-bottom: 200px !important;background-image: url(https:\/\/ekaunta.ravendev.lt\/wp-content\/uploads\/2022\/04\/ekaunta-kontaktai.jpg?id=7551) !important;}&#8221;][vc_column css=&#8221;.vc_custom_1513003956648{padding-top: 0px !important;}&#8221;][vc_row_inner][vc_column_inner width=&#8221;1\/6&#8243; css=&#8221;.vc_custom_1513004658055{padding-top: 50px !important;padding-left: 0px !important;}&#8221;][\/vc_column_inner][vc_column_inner width=&#8221;2\/3&#8243; css=&#8221;.vc_custom_1513008591637{padding-right: 0px !important;padding-left: 0px !important;}&#8221;]<div class=\"kd-text-rotator kd-rotatorid-69e5af044a1ec text-center  \"><div class=\"kd-text-rotator-container\"><h2 class=\"rotator-single kd-rotator-item-1 \" style=\" color: #ffffff; font-size: 60px;\">Ekaunta<\/h2><h2 class=\"rotator-single kd-rotator-item-2 \" style=\" color: #ffffff; font-size: 60px;\">nuo pirmini\u0173 dokument\u0173 iki finansin\u0117s ataskaitos.<\/h2><h2 class=\"rotator-single kd-rotator-item-3 \" style=\" color: #ffffff; font-size: 60px;\">Turite klausim\u0173?<\/h2><h2 class=\"rotator-single kd-rotator-item-4 last\" style=\"transition: all 0.5s 4.25s; color: #ffffff; font-size: 60px;\">Pasikalb\u0117kime<\/h2><\/div><\/div>[\/vc_column_inner][vc_column_inner width=&#8221;1\/6&#8243;][\/vc_column_inner][\/vc_row_inner][\/vc_column][\/vc_row][vc_row css=&#8221;.vc_custom_1555665510935{padding-top: 100px !important;padding-bottom: 50px !important;}&#8221;][vc_column][vc_row_inner css=&#8221;.vc_custom_1556020050820{margin-bottom: 20px !important;padding-right: 0px !important;padding-left: 0px !important;}&#8221;][vc_column_inner width=&#8221;1\/3&#8243;]<div class=\"cb-container cb-cont-left\" style=\"background-color:#fff;\" ><div class=\"cb-img-area\"><i class=\"fas fa-map-marked\" style=\" \"><\/i> <\/div><div class=\"cb-text-area\">\n                    <h4 class=\"cb-heading \" >Company details<\/h4><p >UAB Ekaunta<br \/>\nCompany code: 303020477<br \/>\nVAT number: LT100007620710<br \/>\nOffice: Justini\u0161ki\u0173 St. 16-309a, Vilnius, LT-05100<br \/>\nRegistered address: Taikos St. 217-64, Vilnius, LT-05211  <\/p><\/div><\/div>[\/vc_column_inner][vc_column_inner width=&#8221;1\/3&#8243;]<div class=\"cb-container cb-cont-left\" style=\"background-color:#fff;\" ><div class=\"cb-img-area\"><i class=\"iconsmind-Phone-Wifi iconsmind-Desktop-apps\" style=\" \"><\/i> <\/div><div class=\"cb-text-area\">\n                    <h4 class=\"cb-heading \" >Contact us by phone!<\/h4><p >Tel.: +370 650 97095<\/p><\/div><\/div>[\/vc_column_inner][vc_column_inner width=&#8221;1\/3&#8243;]<div class=\"cb-container cb-cont-left\" style=\"background-color:#fff;\" ><div class=\"cb-img-area\"><i class=\"iconsmind-Mail iconsmind-Emails\" style=\" \"><\/i> <\/div><div class=\"cb-text-area\">\n                    <h4 class=\"cb-heading \" >Send us a message<\/h4><p >E-mail: info@ekaunta.lt<\/p><\/div><\/div>[\/vc_column_inner][\/vc_row_inner][\/vc_column][\/vc_row][vc_row full_width=&#8221;stretch_row_content_no_spaces&#8221; css=&#8221;.vc_custom_1556020071637{padding-bottom: 0px !important;background-color: #f5f5f5 !important;}&#8221;][vc_column width=&#8221;1\/2&#8243; css=&#8221;.vc_custom_1522244564559{padding-top: 0px !important;}&#8221; offset=&#8221;vc_col-lg-6 vc_col-md-12&#8243;]<script>\r\n\r\n                    async function initKdMap_kd69e5af044a416() {\r\n                      var map_kd69e5af044a416;\r\n        \t\t\t\t\t\t\tvar gmap_location_kd69e5af044a416 = new google.maps.LatLng(54.707368, 25.21451);\r\n        \t\t\t\t\t\t\tvar GMAP_MODULE_kd69e5af044a416 = \"customMap\";\r\n                      const { AdvancedMarkerElement } = await google.maps.importLibrary(\"marker\");\r\n      \t\t\t\t\t\t\t\tvar featureOpts = [\r\n      \t\t\t\t\t\t\t\t\t\t\t{\r\n      \t\t\t\t\t\t\t\t\t\t\t  stylers: [\r\n      \t\t\t\t\t\t\t\t\t\t\t\t{ \"visibility\": \"on\" },\r\n      \t\t\t\t\t\t\t\t\t\t\t\t{ \"weight\": 1 },\r\n      \t\t\t\t\t\t\t\t\t\t\t\t{ \"saturation\": -100 },\r\n      \t\t\t\t\t\t\t\t\t\t\t\t{ \"lightness\": 2.2 },\r\n      \t\t\t\t\t\t\t\t\t\t\t\t{ \"gamma\": 2.2 }\r\n      \t\t\t\t\t\t\t\t\t\t\t  ]\r\n      \t\t\t\t\t\t\t\t\t\t\t}, {\r\n                                featureType: \"poi\",\r\n                                stylers: [\r\n                                  { \"visibility\": \"off\" }\r\n                                ]\r\n                              }\r\n      \t\t\t\t\t\t\t\t\t\t];\r\n      \t\t\t\t\t\t\t\tvar mapOptions = {\r\n      \t\t\t\t\t\t\t\t\tzoom: 15,\r\n      \t\t\t\t\t\t\t\t\tcenter: gmap_location_kd69e5af044a416,\r\n                        scrollwheel: false,\r\n      \t\t\t\t\t\t\t\t\tmapTypeControlOptions: {\r\n      \t\t\t\t\t\t\t\t\t\tmapTypeIds: [google.maps.MapTypeId.ROADMAP, GMAP_MODULE_kd69e5af044a416]\r\n      \t\t\t\t\t\t\t\t\t},\r\n      \t\t\t\t\t\t\t\t\tmapTypeId: GMAP_MODULE_kd69e5af044a416,\r\n                        mapId: \"DEMO_MAP_kd69e5af044a416\",\r\n      \t\t\t\t\t\t\t\t};\r\n      \t\t\t\t\t\t\t\tmap_kd69e5af044a416 = new google.maps.Map(document.getElementById(\"kd69e5af044a416\"), mapOptions);\r\n      \t\t\t\t\t\t\t\tconst marker_image = document.createElement(\"img\");\r\n                      marker_image.src = \"https:\/\/www.ekko-wp.com\/wp-content\/uploads\/sites\/3\/2018\/10\/map-marker.png\";\r\n      \t\t\t\t\t\t\t\tconst marker_kd69e5af044a416 = new AdvancedMarkerElement({\r\n      \t\t\t\t\t\t\t\t\tmap: map_kd69e5af044a416,\r\n      \t\t\t\t\t\t\t\t\tdraggable: false,content: marker_image,position: gmap_location_kd69e5af044a416,\r\n                      });\r\n      \t\t\t\t\t\t\t\tvar styledMapOptions = {\r\n      \t\t\t\t\t\t\t\t\tname: \"ekaunta\"\r\n      \t\t\t\t\t\t\t\t};\r\n      \t\t\t\t\t\t\t\tvar customMapType_kd69e5af044a416 = new google.maps.StyledMapType(featureOpts, styledMapOptions);\r\n      \t\t\t\t\t\t\t\tmap_kd69e5af044a416.mapTypes.set(GMAP_MODULE_kd69e5af044a416, customMapType_kd69e5af044a416);\r\n                      }\r\n                      jQuery(window).on(\"load\", function() {\r\n                        initKdMap_kd69e5af044a416();\r\n                      });\r\n      \t\t\t\t\t\t<\/script><div class=\"contact-map-container hidden_info_panel\" style=\"height: 645px;\"><div id=\"kd69e5af044a416\" class=\"kd_map\" style=\"height: 645px;\"><\/div>\r\n\r\n            <\/div>[\/vc_column][vc_column width=&#8221;1\/2&#8243; css=&#8221;.vc_custom_1539086354367{padding-top: 100px !important;}&#8221; offset=&#8221;vc_col-lg-6 vc_col-md-12&#8243;][vc_row_inner css=&#8221;.vc_custom_1556020075204{padding-top: 0px !important;}&#8221;][vc_column_inner width=&#8221;1\/4&#8243;][\/vc_column_inner][vc_column_inner width=&#8221;1\/2&#8243; css=&#8221;.vc_custom_1541508316360{padding-right: 0px !important;padding-bottom: 30px !important;padding-left: 0px !important;}&#8221;]<header class=\"kd-section-title col-lg-12 text-left  kd-animated fadeIn  \" data-animation-delay=200><h2 class=\"separator_off\" >Ready to start the conversation?<\/h2><h6 class=\"subtitle \" >Call us now, or write to us by email; we will respond as soon as we receive your inquiry. <\/h6><\/header>[vc_empty_space height=&#8221;10px&#8221;]<div class=\"kd-contact-form full-width-cf white-input-bg\" >\n<div class=\"wpcf7 no-js\" id=\"wpcf7-f5208-o1\" lang=\"en-US\" dir=\"ltr\" data-wpcf7-id=\"5208\">\n<div class=\"screen-reader-response\"><p role=\"status\" aria-live=\"polite\" aria-atomic=\"true\"><\/p> <ul><\/ul><\/div>\n<form action=\"\/en\/wp-json\/wp\/v2\/pages\/8469#wpcf7-f5208-o1\" method=\"post\" class=\"wpcf7-form init\" aria-label=\"Contact form\" novalidate=\"novalidate\" data-status=\"init\">\n<fieldset class=\"hidden-fields-container\"><input type=\"hidden\" name=\"_wpcf7\" value=\"5208\" \/><input type=\"hidden\" name=\"_wpcf7_version\" value=\"6.1.1\" \/><input type=\"hidden\" name=\"_wpcf7_locale\" value=\"en_US\" \/><input type=\"hidden\" name=\"_wpcf7_unit_tag\" value=\"wpcf7-f5208-o1\" \/><input type=\"hidden\" name=\"_wpcf7_container_post\" value=\"0\" \/><input type=\"hidden\" name=\"_wpcf7_posted_data_hash\" value=\"\" \/>\n<\/fieldset>\n<p><span class=\"wpcf7-form-control-wrap\" data-name=\"your-name\"><input size=\"40\" maxlength=\"400\" class=\"wpcf7-form-control wpcf7-text wpcf7-validates-as-required\" aria-required=\"true\" aria-invalid=\"false\" placeholder=\"Vardas\" value=\"\" type=\"text\" name=\"your-name\" \/><\/span><br \/>\n<span class=\"wpcf7-form-control-wrap\" data-name=\"your-email\"><input size=\"40\" maxlength=\"400\" class=\"wpcf7-form-control wpcf7-email wpcf7-validates-as-required wpcf7-text wpcf7-validates-as-email\" aria-required=\"true\" aria-invalid=\"false\" placeholder=\"El-pa\u0161tas\" value=\"\" type=\"email\" name=\"your-email\" \/><\/span><br \/>\n<span class=\"wpcf7-form-control-wrap\" data-name=\"your-message\"><textarea cols=\"40\" rows=\"10\" maxlength=\"2000\" class=\"wpcf7-form-control wpcf7-textarea\" aria-invalid=\"false\" placeholder=\"U\u017eklausa\" name=\"your-message\"><\/textarea><\/span><br \/>\n<input class=\"wpcf7-form-control wpcf7-submit has-spinner\" type=\"submit\" value=\"Susisiekti\" \/>\n<\/p><div class=\"wpcf7-response-output\" aria-hidden=\"true\"><\/div>\n<\/form>\n<\/div>\n<\/div>[\/vc_column_inner][vc_column_inner width=&#8221;1\/4&#8243;][\/vc_column_inner][\/vc_row_inner][\/vc_column][\/vc_row][vc_row][vc_column css=&#8221;.vc_custom_1649223531026{padding-top: 20px !important;padding-bottom: 20px !important;}&#8221;]<header class=\"kd-section-title col-lg-12 text-center     vc_custom_1649223550053\" ><h2 class=\"separator_off\" >Tel.: +370 650 97095<br \/>\nE-mail: info@ekaunta.lt<\/h2><\/header>[\/vc_column][\/vc_row]<\/p>\n<\/div>","protected":false},"excerpt":{"rendered":"<p>[vc_row full_width=&#8221;stretch_row&#8221; video_bg=&#8221;yes&#8221; video_bg_url=&#8221;https:\/\/www.youtube.com\/watch?v=BQVbSA7U_8A&#8221; kd_image_overlay_color=&#8221;rgba(0,0,0,0.7)&#8221; kd_image_overlay=&#8221;true&#8221; css=&#8221;.vc_custom_1649190790820{padding-top: 260px !important;padding-bottom: 200px !important;background-image: url(https:\/\/ekaunta.ravendev.lt\/wp-content\/uploads\/2022\/04\/ekaunta-kontaktai.jpg?id=7551) !important;}&#8221;][vc_column css=&#8221;.vc_custom_1513003956648{padding-top: 0px [&hellip;]<\/p>\n","protected":false},"author":1,"featured_media":0,"parent":0,"menu_order":0,"comment_status":"closed","ping_status":"closed","template":"","meta":{"footnotes":""},"class_list":["post-8469","page","type-page","status-publish","hentry"],"_links":{"self":[{"href":"https:\/\/ekaunta.lt\/en\/wp-json\/wp\/v2\/pages\/8469","targetHints":{"allow":["GET"]}}],"collection":[{"href":"https:\/\/ekaunta.lt\/en\/wp-json\/wp\/v2\/pages"}],"about":[{"href":"https:\/\/ekaunta.lt\/en\/wp-json\/wp\/v2\/types\/page"}],"author":[{"embeddable":true,"href":"https:\/\/ekaunta.lt\/en\/wp-json\/wp\/v2\/users\/1"}],"replies":[{"embeddable":true,"href":"https:\/\/ekaunta.lt\/en\/wp-json\/wp\/v2\/comments?post=8469"}],"version-history":[{"count":2,"href":"https:\/\/ekaunta.lt\/en\/wp-json\/wp\/v2\/pages\/8469\/revisions"}],"predecessor-version":[{"id":8471,"href":"https:\/\/ekaunta.lt\/en\/wp-json\/wp\/v2\/pages\/8469\/revisions\/8471"}],"wp:attachment":[{"href":"https:\/\/ekaunta.lt\/en\/wp-json\/wp\/v2\/media?parent=8469"}],"curies":[{"name":"wp","href":"https:\/\/api.w.org\/{rel}","templated":true}]}}