{"id":8629,"date":"2023-01-19T17:59:40","date_gmt":"2023-01-19T15:59:40","guid":{"rendered":"https:\/\/ekaunta.lt\/beratung-zu-buchhaltungs-und-steuerfragen\/"},"modified":"2025-08-10T09:10:03","modified_gmt":"2025-08-10T07:10:03","slug":"beratung-zu-buchhaltungs-und-steuerfragen","status":"publish","type":"page","link":"https:\/\/ekaunta.lt\/de\/beratung-zu-buchhaltungs-und-steuerfragen\/","title":{"rendered":"Beratung zu Buchhaltungs- und Steuerfragen:"},"content":{"rendered":"<div class=\"wpb-content-wrapper\"><p>[vc_row full_width=&#8221;stretch_row&#8221; video_bg=&#8221;yes&#8221; video_bg_url=&#8221;https:\/\/www.youtube.com\/watch?v=W7YKO3t30Rc&#8221; kd_image_overlay_color=&#8221;rgba(0,0,0,0.7)&#8221; kd_image_overlay=&#8221;true&#8221; css=&#8221;.vc_custom_1649093519899{padding-top: 260px !important;padding-bottom: 200px !important;background-image: url(https:\/\/ekaunta.ravendev.lt\/wp-content\/uploads\/2022\/04\/ekaunta-apiemus2.jpg?id=7493) !important;}&#8221;][vc_column css=&#8221;.vc_custom_1513003956648{padding-top: 0px !important;}&#8221;][vc_row_inner][vc_column_inner width=&#8221;1\/6&#8243; css=&#8221;.vc_custom_1513004658055{padding-top: 50px !important;padding-left: 0px !important;}&#8221;][\/vc_column_inner][vc_column_inner width=&#8221;2\/3&#8243; css=&#8221;.vc_custom_1513008591637{padding-right: 0px !important;padding-left: 0px !important;}&#8221;]<div class=\"kd-text-rotator kd-rotatorid-69e6baf1bc152 text-center  \"><div class=\"kd-text-rotator-container\"><h2 class=\"rotator-single kd-rotator-item-1 \" style=\" color: #ffffff; font-size: 60px;\">Ekaunta Ihr Finanzpartner<\/h2><h2 class=\"rotator-single kd-rotator-item-2 \" style=\" color: #ffffff; font-size: 60px;\">von den Grunddokumenten bis zum Finanzbericht<\/h2><h2 class=\"rotator-single kd-rotator-item-3 \" style=\" color: #ffffff; font-size: 60px;\">Haben Sie Fragen?<\/h2><h2 class=\"rotator-single kd-rotator-item-4 last\" style=\"transition: all 0.5s 4.25s; color: #ffffff; font-size: 60px;\">Lassen Sie uns sprechen<\/h2><\/div><\/div>[\/vc_column_inner][vc_column_inner width=&#8221;1\/6&#8243;][\/vc_column_inner][\/vc_row_inner][\/vc_column][\/vc_row][vc_row full_width=&#8221;stretch_row&#8221; css=&#8221;.vc_custom_1539770041082{padding-top: 100px !important;}&#8221;][vc_column][vc_row_inner css=&#8221;.vc_custom_1541771997169{margin-bottom: 50px !important;}&#8221;][vc_column_inner][vc_empty_space height=&#8221;25px&#8221;]<header class=\"kd-section-title vc_col-lg-6 vc_col-sm-8 text-center  kd-animated fadeIn  \" data-animation-delay=200><h2 class=\"separator_off\" >Beratung zu Buchhaltungs- und Steuerfragen:<\/h2><\/header>[\/vc_column_inner][\/vc_row_inner][vc_row_inner css=&#8221;.vc_custom_1541771985753{padding-bottom: 100px !important;}&#8221;][vc_column_inner width=&#8221;1\/3&#8243; css=&#8221;.vc_custom_1556019542510{padding-top: 60px !important;padding-right: 120px !important;padding-left: 0px !important;}&#8221;]<div class=\"key-icon-box icon-default icon-top cont-left ib-no-effect  kd-animated fadeInUp\" style=\"background-color: transparent;\" ><i class=\"\" style=\" \"><\/i> <h5 class=\"service-heading\" >Steuer\u00fcberzahlung<\/h5><p >Wie kann ich in der Steuererkl\u00e4rung das Bankkonto \u00e4ndern, auf das ich die Einkommensteuer\u00fcberzahlung erhalten m\u00f6chte?<\/p><\/div>[vc_empty_space height=&#8221;50px&#8221;]<div class=\"key-icon-box icon-default icon-top cont-left ib-no-effect  kd-animated fadeInUp\" style=\"background-color: transparent;\" ><i class=\"\" style=\" \"><\/i> <h5 class=\"service-heading\" >Doppelte Daten?<\/h5><p >Was soll ich tun, wenn in der Steuererkl\u00e4rung Daten \u00fcber Eink\u00fcnfte aus selbstst\u00e4ndiger T\u00e4tigkeit doppelt vorhanden sind, die von Unternehmen und i.APS erhalten wurden?<\/p><\/div>[\/vc_column_inner][vc_column_inner width=&#8221;1\/3&#8243; css=&#8221;.vc_custom_1556019545382{padding-top: 60px !important;padding-right: 120px !important;padding-left: 0px !important;}&#8221;]<div class=\"key-icon-box icon-default icon-top cont-left ib-no-effect  kd-animated fadeInUp\" style=\"background-color: transparent;\" data-animation-delay=200><i class=\"\" style=\" \"><\/i> <h5 class=\"service-heading\" >1441?<\/h5><p >Was muss ich in das Feld der Steuererkl\u00e4rung eintragen: &quot;Wie viel Einkommensteuer haben Sie bis zur Einreichung der Steuererkl\u00e4rung selbst\u00e4ndig mit dem Zahlungscode 1441 gezahlt&quot;?<\/p><\/div>[vc_empty_space height=&#8221;50px&#8221;]<div class=\"key-icon-box icon-default icon-top cont-left ib-no-effect  kd-animated fadeInUp\" style=\"background-color: transparent;\" data-animation-delay=200><i class=\"\" style=\" \"><\/i> <h5 class=\"service-heading\" >Wie soll ich deklarieren?<\/h5><p >Wie soll ich deklarieren, wenn ein Teil der Eink\u00fcnfte aus selbstst\u00e4ndiger T\u00e4tigkeit bereits in der vom VMI erstellten Steuererkl\u00e4rung angegeben ist?<\/p><\/div>[\/vc_column_inner][vc_column_inner width=&#8221;1\/3&#8243;]<div class=\"pricing-wrapper\">\n  \t\t\t\t<div class=\"pricing-table active MinimalStyle kd-animated zoomIn\" data-animation-delay=200>\n                    <div class=\"row pricing-title\">\n\t                   <h5 class=\"pricing-title-content\" >Beratungspreise ab<\/h5>\n  \t\t\t\t\t<\/div><div class=\"row pricing\"><div class=\"col-lg-3\">\n  \t\t\t\t\t\t\t<div class=\"row\"><span class=\"pricing-price default-plan sale-no\" >\n                        <span class=\"pt-normal-price\">\n                          40\/h+MWSt<span class=\"currency\">&#128;<\/span>\n                        <\/span><\/span><div class=\"pricing-meta\">\n                         <span class=\"pricing-time default-plan\" ><\/span><\/div>\n                    <\/div>\n      \t\t\t\t\t\t<\/div><div class=\"pricing-options-container MinimalStyle\" ><div class=\"pricing-row\"><span class=\"pricing-value\"><span class=\"pricing-option pricing-opt-check-icon\"><i class=\"fas fa-check\"><\/i><span class=\"pricing-option-text default-plan\">Greita<\/span><span class=\"pricing-option-text secondary-plan\">Greita<\/span><\/span><\/span><\/div><div class=\"pricing-row\"><span class=\"pricing-value\"><span class=\"pricing-option pricing-opt-check-icon\"><i class=\"fas fa-check\"><\/i><span class=\"pricing-option-text default-plan\">Tikslu<\/span><span class=\"pricing-option-text secondary-plan\">Tikslu<\/span><\/span><\/span><\/div><div class=\"pricing-row\"><span class=\"pricing-value\"><span class=\"pricing-option pricing-opt-check-icon\"><i class=\"fas fa-check\"><\/i><span class=\"pricing-option-text default-plan\">Patogu<\/span><span class=\"pricing-option-text secondary-plan\">Patogu<\/span><\/span><\/span><\/div><\/div><a href=\"https:\/\/ekaunta.lt\/pages\/ekaunta-kontaktai\/\"  target=\"_self\" class=\"tt_button  tt_primary_button btn_primary_color\"><span class=\"prim_text\">Kontakt<\/span><\/a><\/div>\n\t         <\/div><\/div>[\/vc_column_inner][\/vc_row_inner][\/vc_column][\/vc_row][vc_row][vc_column][vc_column_text]Wir beraten zu Buchhaltungs- und Steuerfragen m\u00fcndlich (pers\u00f6nlich, telefonisch), schriftlich oder remote. Wir beraten zu: Mehrwertsteuer, K\u00f6rperschaftsteuer, Immobiliensteuer, Einkommensteuer, Grundsteuer und anderen Steuern.[\/vc_column_text][vc_empty_space][\/vc_column][\/vc_row][vc_row][vc_column][\/vc_column][\/vc_row]<\/p>\n<\/div>","protected":false},"excerpt":{"rendered":"<p>[vc_row full_width=&#8221;stretch_row&#8221; video_bg=&#8221;yes&#8221; video_bg_url=&#8221;https:\/\/www.youtube.com\/watch?v=W7YKO3t30Rc&#8221; kd_image_overlay_color=&#8221;rgba(0,0,0,0.7)&#8221; kd_image_overlay=&#8221;true&#8221; css=&#8221;.vc_custom_1649093519899{padding-top: 260px !important;padding-bottom: 200px !important;background-image: url(https:\/\/ekaunta.ravendev.lt\/wp-content\/uploads\/2022\/04\/ekaunta-apiemus2.jpg?id=7493) !important;}&#8221;][vc_column css=&#8221;.vc_custom_1513003956648{padding-top: 0px [&hellip;]<\/p>\n","protected":false},"author":1,"featured_media":0,"parent":0,"menu_order":0,"comment_status":"closed","ping_status":"closed","template":"","meta":{"footnotes":""},"class_list":["post-8629","page","type-page","status-publish","hentry"],"_links":{"self":[{"href":"https:\/\/ekaunta.lt\/de\/wp-json\/wp\/v2\/pages\/8629","targetHints":{"allow":["GET"]}}],"collection":[{"href":"https:\/\/ekaunta.lt\/de\/wp-json\/wp\/v2\/pages"}],"about":[{"href":"https:\/\/ekaunta.lt\/de\/wp-json\/wp\/v2\/types\/page"}],"author":[{"embeddable":true,"href":"https:\/\/ekaunta.lt\/de\/wp-json\/wp\/v2\/users\/1"}],"replies":[{"embeddable":true,"href":"https:\/\/ekaunta.lt\/de\/wp-json\/wp\/v2\/comments?post=8629"}],"version-history":[{"count":5,"href":"https:\/\/ekaunta.lt\/de\/wp-json\/wp\/v2\/pages\/8629\/revisions"}],"predecessor-version":[{"id":8634,"href":"https:\/\/ekaunta.lt\/de\/wp-json\/wp\/v2\/pages\/8629\/revisions\/8634"}],"wp:attachment":[{"href":"https:\/\/ekaunta.lt\/de\/wp-json\/wp\/v2\/media?parent=8629"}],"curies":[{"name":"wp","href":"https:\/\/api.w.org\/{rel}","templated":true}]}}