{"id":8623,"date":"2023-01-19T18:04:16","date_gmt":"2023-01-19T16:04:16","guid":{"rendered":"https:\/\/ekaunta.lt\/buchhaltungsdienstleistungen\/"},"modified":"2025-08-10T00:14:09","modified_gmt":"2025-08-09T22:14:09","slug":"buchhaltungsdienstleistungen","status":"publish","type":"page","link":"https:\/\/ekaunta.lt\/de\/buchhaltungsdienstleistungen\/","title":{"rendered":"Buchhaltungsdienstleistungen"},"content":{"rendered":"<div class=\"wpb-content-wrapper\"><p>[vc_row full_width=&#8221;stretch_row&#8221; video_bg=&#8221;yes&#8221; video_bg_url=&#8221;https:\/\/www.youtube.com\/watch?v=W7YKO3t30Rc&#8221; kd_image_overlay_color=&#8221;rgba(0,0,0,0.7)&#8221; kd_image_overlay=&#8221;true&#8221; css=&#8221;.vc_custom_1671468929777{padding-top: 260px !important;padding-bottom: 260px !important;background-image: url(https:\/\/ekaunta.ravendev.lt\/wp-content\/uploads\/2022\/04\/ekaunta-apiemus2.jpg?id=7493) !important;}&#8221;][vc_column css=&#8221;.vc_custom_1671468831561{padding-top: 0px !important;}&#8221;][vc_row_inner][vc_column_inner width=&#8221;1\/6&#8243;][\/vc_column_inner][vc_column_inner width=&#8221;2\/3&#8243;]<div class=\"kd-text-rotator kd-rotatorid-69fde2ac9e8ac text-center  \"><div class=\"kd-text-rotator-container\"><h2 class=\"rotator-single kd-rotator-item-1 \" style=\" color: #ffffff; font-size: 60px;\">Buchhaltungsdienstleistungen<\/h2><h2 class=\"rotator-single kd-rotator-item-2 \" style=\" color: #ffffff; font-size: 60px;\">UAB EKAUNTA<\/h2><h2 class=\"rotator-single kd-rotator-item-3 \" style=\" color: #ffffff; font-size: 60px;\">+370 650 97095<\/h2><h2 class=\"rotator-single kd-rotator-item-4 last\" style=\"transition: all 0.5s 4.25s; color: #ffffff; font-size: 60px;\">Lassen Sie uns sprechen<\/h2><\/div><\/div>[\/vc_column_inner][vc_column_inner width=&#8221;1\/6&#8243;][\/vc_column_inner][\/vc_row_inner][\/vc_column][\/vc_row][vc_row full_width=&#8221;stretch_row&#8221; css=&#8221;.vc_custom_1539591364720{padding-top: 100px !important;padding-bottom: 100px !important;background-color: #f5f5f5 !important;}&#8221;][vc_column width=&#8221;1\/2&#8243; offset=&#8221;vc_col-lg-6 vc_col-md-12 vc_col-xs-12&#8243;][vc_row_inner][vc_column_inner css=&#8221;.vc_custom_1541519734045{padding-left: 0px !important;}&#8221;]<header class=\"kd-section-title col-lg-12 text-left  kd-animated fadeIn   vc_custom_1708529852677\" data-animation-delay=200><h2 class=\"separator_off\" >Buchhaltungsdienstleistungen<\/h2><\/header>[vc_column_text]<\/p>\n<p style=\"text-align: justify;\">\u2022 Kostenlose Beratung zu Buchhaltungs- und Steuerfragen;<br \/>\n\u2022 Erfassung von Rechnungen und Dokumenten in der Buchhaltungssoftware;<br \/>\n\u2022 Registrierung von Bank- und Kassenoperationen;<br \/>\n\u2022 Buchhaltung f\u00fcr Anlageverm\u00f6gen. Inbetriebnahmeprotokolle, Abschreibungs\u00fcbersichten;<br \/>\n\u2022 Kraftstoffbuchhaltung. Annahme- und Abschreibungsprotokolle;<br \/>\n\u2022 Lagerbuchhaltung;<br \/>\n\u2022 Mengenm\u00e4\u00dfige Erfassung von geringwertigem Inventar. Annahme- und Abschreibungsprotokolle;<br \/>\n\u2022 Buchhaltung f\u00fcr Vorschussabrechnungen;<br \/>\n\u2022 Schuldenabstimmungen;<br \/>\n\u2022 Vorbereitung und Einreichung der erforderlichen Berichte an das Steueramt;<br \/>\n\u2022 Berichte und Mitteilungen an die Sozialversicherung (Einstellungen, Entlassungen, Gew\u00e4hrung unbezahlter Urlaube, K\u00fcndigungen usw.);<br \/>\n\u2022 Steuerberechnungen. Erstellung von Bilanz und Jahresabschluss;<br \/>\n\u2022 Vertretung des Kunden beim Steueramt, bei der Sozialversicherung und im Unternehmensregister;<br \/>\n\u2022 MwSt-Registrierung;<br \/>\n\u2022 R\u00fcckerstattung von MwSt-\u00dcberzahlungen vom litauischen und EU-Steueramt;<br \/>\n\u2022 Ausf\u00fcllen und Einreichen des A1-Formulars;<br \/>\n\u2022 Zus\u00e4tzliche Buchhaltungsdienstleistungen nach Kundenbedarf.<\/p>\n<p>[\/vc_column_text][\/vc_column_inner][\/vc_row_inner][\/vc_column][vc_column width=&#8221;1\/6&#8243;][\/vc_column][vc_column width=&#8221;1\/3&#8243; offset=&#8221;vc_col-lg-4 vc_col-md-12 vc_col-xs-12&#8243; css=&#8221;.vc_custom_1516103212671{padding-right: 0px !important;}&#8221;]<div class=\"kd-photobox kd-animated fadeInUp \" data-animation-delay=200><div class=\"photobox-img\"><a href=\"https:\/\/ekaunta.ravendev.lt\/pages\/ekaunta-kontaktai\/\"  title=\"Kontakte\"><\/a><\/div><div class=\"phb-content text-left no-image\" >\n                  <h5 >UAB Ekaunta<\/h5>\n                  <p >M\u00f6chten Sie mit uns zusammenarbeiten?<\/p><div class=\"phb-btncontainer\">\n                        <a href=\"https:\/\/ekaunta.ravendev.lt\/pages\/ekaunta-kontaktai\/\"  title=\"Kontakte\" class=\"tt_button tt_primary_button button-action-link btn_primary_color\" >Kontakte<\/a>\n                    <\/div><\/div><\/div>[\/vc_column][\/vc_row]<\/p>\n<\/div>","protected":false},"excerpt":{"rendered":"<p>[vc_row full_width=&#8221;stretch_row&#8221; video_bg=&#8221;yes&#8221; video_bg_url=&#8221;https:\/\/www.youtube.com\/watch?v=W7YKO3t30Rc&#8221; kd_image_overlay_color=&#8221;rgba(0,0,0,0.7)&#8221; kd_image_overlay=&#8221;true&#8221; css=&#8221;.vc_custom_1671468929777{padding-top: 260px !important;padding-bottom: 260px !important;background-image: url(https:\/\/ekaunta.ravendev.lt\/wp-content\/uploads\/2022\/04\/ekaunta-apiemus2.jpg?id=7493) !important;}&#8221;][vc_column css=&#8221;.vc_custom_1671468831561{padding-top: 0px [&hellip;]<\/p>\n","protected":false},"author":1,"featured_media":0,"parent":0,"menu_order":0,"comment_status":"closed","ping_status":"closed","template":"","meta":{"footnotes":""},"class_list":["post-8623","page","type-page","status-publish","hentry"],"_links":{"self":[{"href":"https:\/\/ekaunta.lt\/de\/wp-json\/wp\/v2\/pages\/8623","targetHints":{"allow":["GET"]}}],"collection":[{"href":"https:\/\/ekaunta.lt\/de\/wp-json\/wp\/v2\/pages"}],"about":[{"href":"https:\/\/ekaunta.lt\/de\/wp-json\/wp\/v2\/types\/page"}],"author":[{"embeddable":true,"href":"https:\/\/ekaunta.lt\/de\/wp-json\/wp\/v2\/users\/1"}],"replies":[{"embeddable":true,"href":"https:\/\/ekaunta.lt\/de\/wp-json\/wp\/v2\/comments?post=8623"}],"version-history":[{"count":1,"href":"https:\/\/ekaunta.lt\/de\/wp-json\/wp\/v2\/pages\/8623\/revisions"}],"predecessor-version":[{"id":8624,"href":"https:\/\/ekaunta.lt\/de\/wp-json\/wp\/v2\/pages\/8623\/revisions\/8624"}],"wp:attachment":[{"href":"https:\/\/ekaunta.lt\/de\/wp-json\/wp\/v2\/media?parent=8623"}],"curies":[{"name":"wp","href":"https:\/\/api.w.org\/{rel}","templated":true}]}}